{"id":190,"date":"2022-03-23T13:27:41","date_gmt":"2022-03-23T11:27:41","guid":{"rendered":"https:\/\/www.urakointiplus.fi\/?page_id=190"},"modified":"2022-03-23T13:28:58","modified_gmt":"2022-03-23T11:28:58","slug":"nikkarit","status":"publish","type":"page","link":"https:\/\/www.urakointiplus.fi\/index.php\/nikkarit\/","title":{"rendered":"Nikkarit eiv\u00e4t tyydy v\u00e4h\u00e4\u00e4n"},"content":{"rendered":"\n<p><\/p>\n\n\n\n<p>Nikkareiden listoitustoiminnan juuret ulottuvat aina vuoteen 1990 saakka. Tekem\u00e4ll\u00e4 karttunut kokemus yhdistettyn\u00e4 ehtym\u00e4tt\u00f6m\u00e4\u00e4n kehittymisen haluun ovat johtaneet yrityksen nykyiseen asemaansa \u2013 alansa markkinajohtajaksi Suomessa sek\u00e4 Ruotsissa.&nbsp;Vahva ja vakaa kasvu perustuu pitkiin ja hyvin hoidettuihin asiakassuhteisiin. Viesti\u00e4 luotettavuudesta sek\u00e4 toimitusvarmuudesta tukevat RALA-j\u00e4senyys , AAA-luokitus sek\u00e4 arvokasta tukea tulevaisuuden suunnitelmille tarjoava emokonserni Mellby G\u00e5rd<\/p>\n\n\n\n<p>Toiminnanohjausj\u00e4rjestelm\u00e4\u00e4 etsim\u00e4\u00e4n l\u00e4htiess\u00e4\u00e4n Mestarinikkareiden toiminta oli jakautunut kymmenelle paikkakunnalle. Kokonaiskuvan n\u00e4keminen oli hankalaa ja ennustettavuus l\u00e4hes mahdotonta, kun kukin yksikk\u00f6 seuraili tilannetta Excelin avulla. Kaikki toimivat hieman omalla tavallaan, ja tietoja jouduttiin sy\u00f6tt\u00e4m\u00e4\u00e4n moneen kertaan &#8211; ja moneen eri paikkaan.<\/p>\n\n\n\n<h5 class=\"wp-block-heading\">Haettiin nimenomaan j\u00e4rjestelm\u00e4\u00e4, joka istuu Nikkareiden toimintaan<\/h5>\n\n\n\n<p>Toiminnanohjausj\u00e4rjestelm\u00e4n toimittajaa valitsemaan l\u00e4hdett\u00e4ess\u00e4 tavoitteet olivat selke\u00e4t: &#8221;Tavoitteena oli saada laskutusviive lyhyemm\u00e4ksi, ennustettavuus ja resurssien hallinta paremmaksi. Kaikkia paikkakuntia pit\u00e4isi pysty\u00e4 katsomaan &#8217;samojen lasien l\u00e4pi&#8221;, kertoo Jan Gustafsson, Mestarinikkareiden nykyinen toimitusjohtaja.<\/p>\n\n\n\n<p>Toiminnanohjausj\u00e4rjestelm\u00e4n hankinnan isona haasteena oli l\u00f6yt\u00e4\u00e4 j\u00e4rjestelm\u00e4, joka taipuisi Nikkareille ominaiseen, useammalle paikkakunnalle jakautuneeseen toimintaan. T\u00e4llaista j\u00e4rjestelm\u00e4\u00e4 ei viel\u00e4 siin\u00e4 vaiheessa ollut olemassa, vaan se jouduttiin r\u00e4\u00e4t\u00e4l\u00f6im\u00e4\u00e4n.&nbsp;<\/p>\n\n\n\n<p>Projektissa keskityttiin paljon siihen, ett\u00e4 ohjelmasta tulisi todella sellainen, joka tukee Nikkareiden toimintaa ja prosesseja. &#8221;Ei l\u00e4hdetty siihen, ett\u00e4 oma toimintamme olisi muokattu j\u00e4rjestelm\u00e4\u00e4n sopivaksi vaan haluttiin sellainen j\u00e4rjestelm\u00e4, joka sopii meid\u00e4n toimintaamme&#8221;, Gustafsson&nbsp;linjaa<\/p>\n\n\n\n<h5 class=\"wp-block-heading\">Toiminnanohjausj\u00e4rjestelm\u00e4&nbsp;tuo&nbsp;l\u00e4pin\u00e4kyvyytt\u00e4 ja helpottaa&nbsp;resursointia<\/h5>\n\n\n\n<p>Nikkareilla ollaan oltu erityisen tyytyv\u00e4isi\u00e4 j\u00e4rjestelm\u00e4n mahdollistamaan seurantaan: &#8221;Resurssien seuranta on hyv\u00e4. N\u00e4emme jo puolen vuoden p\u00e4\u00e4h\u00e4n resurssitarpeet, ja aina on oikea m\u00e4\u00e4r\u00e4 miehi\u00e4 ty\u00f6kantaan n\u00e4hden&#8221;, Gustafsson kertoo.<\/p>\n\n\n\n<p>J\u00e4rjestelm\u00e4n l\u00e4pin\u00e4kyvyyden ansiosta hukkatunteja ei tule, kun miehet ja ty\u00f6tunnit saadaan allokoitua aina oikein tarpeeseen n\u00e4hden. &#8221;Tulevaisuuden arviointi on helpompaa, kun tiet\u00e4\u00e4, mit\u00e4 on myyty ja mit\u00e4 on tulossa.&#8221;&nbsp;<\/p>\n\n\n\n<p>&#8221;Konkreettisin etu on kuitenkin se, ettei samaa tietoa jouduta kirjaamaan useampaan paikkaan&#8221;, Gustafsson arvioi. &#8221;Hallinnossa on t\u00e4ll\u00e4 hetkell\u00e4 pari henkil\u00f6\u00e4 aiempaa v\u00e4hemm\u00e4n, vaikka henkil\u00f6st\u00f6m\u00e4\u00e4r\u00e4 on kokonaisuudessaan l\u00e4hes tuplaantunut. Lis\u00e4ksi seuranta on parempi, ja katteita saadaan seurattua reaaliaikaisesti koko ajan.&#8221; My\u00f6s laskutusviiveet ovat Gustafssonin mukaan aiempaa tarkemmassa seurannassa.<\/p>\n\n\n\n<h5 class=\"wp-block-heading\">K\u00e4yt\u00e4nn\u00f6n ty\u00f6n helppous plussaa<\/h5>\n\n\n\n<p>Uuden j\u00e4rjestelm\u00e4n mukanaan tuomaan et\u00e4ty\u00f6mahdollisuuteen ollaan Nikkareilla my\u00f6s tyytyv\u00e4isi\u00e4: &#8221;Se on hyv\u00e4. Aina voi toimia sielt\u00e4, miss\u00e4 on. Projektien aloituspalavereissa meill\u00e4 on aina tabletit mukana, ja erityispiirteet kirjataan jo paikan p\u00e4\u00e4ll\u00e4 yl\u00f6s.&#8221; Gustafsson kertoo.<\/p>\n\n\n\n<p>My\u00f6s kumppanuus UrakointiPlussan kanssa on koettu k\u00e4yt\u00e4nn\u00f6n ty\u00f6t\u00e4 helpottavaksi: &#8221;UrakointiPlus on rehti kumppani, aremmistakin aiheista voi puhua. Tukea on lis\u00e4ksi saatu jopa lomaturauksiin&#8221;<\/p>\n","protected":false},"excerpt":{"rendered":"<p>Nikkareiden listoitustoiminnan juuret ulottuvat aina vuoteen 1990 saakka. Tekem\u00e4ll\u00e4 karttunut kokemus yhdistettyn\u00e4 ehtym\u00e4tt\u00f6m\u00e4\u00e4n kehittymisen haluun ovat johtaneet yrityksen nykyiseen asemaansa \u2013 alansa markkinajohtajaksi Suomessa sek\u00e4 Ruotsissa.&nbsp;Vahva ja vakaa kasvu perustuu pitkiin ja hyvin hoidettuihin asiakassuhteisiin. Viesti\u00e4 luotettavuudesta sek\u00e4 toimitusvarmuudesta tukevat RALA-j\u00e4senyys , AAA-luokitus sek\u00e4 arvokasta tukea tulevaisuuden suunnitelmille tarjoava emokonserni Mellby G\u00e5rd Toiminnanohjausj\u00e4rjestelm\u00e4\u00e4 etsim\u00e4\u00e4n l\u00e4htiess\u00e4\u00e4n [&hellip;]<\/p>\n","protected":false},"author":1,"featured_media":0,"parent":0,"menu_order":0,"comment_status":"closed","ping_status":"closed","template":"","meta":{"_et_pb_use_builder":"","_et_pb_old_content":"","_et_gb_content_width":"","footnotes":""},"class_list":["post-190","page","type-page","status-publish","hentry"],"_links":{"self":[{"href":"https:\/\/www.urakointiplus.fi\/index.php\/wp-json\/wp\/v2\/pages\/190","targetHints":{"allow":["GET"]}}],"collection":[{"href":"https:\/\/www.urakointiplus.fi\/index.php\/wp-json\/wp\/v2\/pages"}],"about":[{"href":"https:\/\/www.urakointiplus.fi\/index.php\/wp-json\/wp\/v2\/types\/page"}],"author":[{"embeddable":true,"href":"https:\/\/www.urakointiplus.fi\/index.php\/wp-json\/wp\/v2\/users\/1"}],"replies":[{"embeddable":true,"href":"https:\/\/www.urakointiplus.fi\/index.php\/wp-json\/wp\/v2\/comments?post=190"}],"version-history":[{"count":2,"href":"https:\/\/www.urakointiplus.fi\/index.php\/wp-json\/wp\/v2\/pages\/190\/revisions"}],"predecessor-version":[{"id":193,"href":"https:\/\/www.urakointiplus.fi\/index.php\/wp-json\/wp\/v2\/pages\/190\/revisions\/193"}],"wp:attachment":[{"href":"https:\/\/www.urakointiplus.fi\/index.php\/wp-json\/wp\/v2\/media?parent=190"}],"curies":[{"name":"wp","href":"https:\/\/api.w.org\/{rel}","templated":true}]}}