{"id":630,"date":"2023-03-16T11:03:02","date_gmt":"2023-03-16T09:03:02","guid":{"rendered":"https:\/\/www.urakointiplus.fi\/?page_id=630"},"modified":"2024-10-10T09:01:49","modified_gmt":"2024-10-10T07:01:49","slug":"kattoremonttiyritykset","status":"publish","type":"page","link":"https:\/\/www.urakointiplus.fi\/index.php\/kattoremonttiyritykset\/","title":{"rendered":"Kattoremonttiyritykset"},"content":{"rendered":"\n<div style=\"height:51px\" aria-hidden=\"true\" class=\"wp-block-spacer\"><\/div>\n\n\n\n<div class=\"wp-block-columns alignwide is-layout-flex wp-container-core-columns-is-layout-28f84493 wp-block-columns-is-layout-flex\">\n<div class=\"wp-block-column is-layout-flow wp-block-column-is-layout-flow\">\n<h2 class=\"wp-block-heading has-x-large-font-size\" id=\"tyokirjaukset-kentalta\">Mik\u00e4 erottaa menestyv\u00e4t kattoremonttiyritykset muista?<\/h2>\n\n\n\n<p>Palvelusi on erinomainen. Kattokeikkaa pukkaa, ja ty\u00f6miesten paperinkulmaan raapustamat ty\u00f6tunnit paukkuvat. Mutta jokin m\u00e4tt\u00e4\u00e4. Tehtyj\u00e4 t\u00f6it\u00e4 on muistin varassa. Lis\u00e4t\u00f6it\u00e4 j\u00e4\u00e4 laskuttamatta. Manuaalinen kirjaaminen on ty\u00f6l\u00e4st\u00e4 ja aikaaviev\u00e4\u00e4. Urakointi+ auttaa sinua hallitsemaan kokonaisuutta: p\u00e4\u00e4set eroon manuaalisesta kirjaamisesta, pysyt k\u00e4rryill\u00e4 kattoprojektien etenemisest\u00e4, projektien ennakoiminen ja aikataulutus helpottuu eik\u00e4 mittap\u00f6yt\u00e4kirjoja py\u00f6ri ty\u00f6p\u00f6ydill\u00e4 ilman allekirjoituksia. <\/p>\n\n\n\n<div class=\"wp-block-buttons is-layout-flex wp-block-buttons-is-layout-flex\">\n<div class=\"wp-block-button\"><a class=\"wp-block-button__link has-background-color has-luminous-vivid-orange-background-color has-text-color has-background wp-element-button\" href=\"\/#ota-yhteytta\"><strong>Soita, niin jutellaan!<\/strong><\/a><\/div>\n<\/div>\n<\/div>\n\n\n\n<div class=\"wp-block-column is-layout-flow wp-block-column-is-layout-flow\">\n<figure class=\"wp-block-image size-full\"><img loading=\"lazy\" decoding=\"async\" width=\"1000\" height=\"667\" src=\"https:\/\/www.urakointiplus.fi\/wp-content\/uploads\/2023\/03\/shutterstock_1648532038.jpg\" alt=\"\" class=\"wp-image-898\"\/><\/figure>\n<\/div>\n<\/div>\n\n\n\n<div style=\"height:32px\" aria-hidden=\"true\" class=\"wp-block-spacer\"><\/div>\n\n\n\n<h2 class=\"wp-block-heading has-text-align-center has-x-large-font-size\" id=\"tyokirjaukset-kentalta\">Yksi ohjelma, monta ratkaistua ongelmaa<\/h2>\n\n\n\n<div class=\"wp-block-columns alignwide is-layout-flex wp-container-core-columns-is-layout-28f84493 wp-block-columns-is-layout-flex\">\n<div class=\"wp-block-column has-background-color has-foreground-background-color has-text-color has-background has-link-color wp-elements-b4fdf1e4ae562e58909be2b4a981b516 is-layout-flow wp-block-column-is-layout-flow\" style=\"padding-top:2em;padding-right:2em;padding-bottom:2em;padding-left:2em\">\n<h2 class=\"wp-block-heading\" id=\"single\" style=\"font-size:25px\"><strong><strong>Lis\u00e4t\u00f6it\u00e4 j\u00e4\u00e4 laskuttamatta<\/strong><\/strong><\/h2>\n\n\n\n<p style=\"font-size:18px;line-height:1.6\">Nyt viimeist\u00e4\u00e4n on aika j\u00e4tt\u00e4\u00e4 muistin varassa temppuilu ja manuaalinen kirjaaminen edelliselle vuosikymmenelle! Minimoi virheet ja varmista tietojen oikeellisuus siirtym\u00e4ll\u00e4 s\u00e4hk\u00f6iseen Urakointi+ \u2013 j\u00e4rjestelm\u00e4\u00e4n!<\/p>\n\n\n\n<p><strong>S\u00e4hk\u00f6inen kirjaaminen heti ty\u00f6maalla minimoi unohdukset ja lis\u00e4\u00e4 laskutettavaa ty\u00f6t\u00e4.<\/strong><\/p>\n\n\n\n<div class=\"wp-block-buttons alignfull is-horizontal is-content-justification-center is-layout-flex wp-container-core-buttons-is-layout-03627597 wp-block-buttons-is-layout-flex\"><\/div>\n<\/div>\n\n\n\n<div class=\"wp-block-column has-background-color has-foreground-background-color has-text-color has-background has-link-color wp-elements-bcdfdaf4e156560c090cc7c76f0097f9 is-layout-flow wp-block-column-is-layout-flow\" style=\"padding-top:2em;padding-right:2em;padding-bottom:2em;padding-left:2em\">\n<h2 class=\"wp-block-heading\" id=\"family\" style=\"font-size:25px\"><strong>Projektien seuranta ja ennakoiminen vaikeaa<\/strong><\/h2>\n\n\n\n<p style=\"font-size:18px;line-height:1.6\">Hankaluuksia pysy\u00e4 perill\u00e4 kattoprojektien etenemisest\u00e4 ja ennakoida tulevaa? Urakointi+ -ohjelmistosta n\u00e4et kaikki projektin tiedot yhdell\u00e4 silm\u00e4yksell\u00e4. Ennakoiminen on helppoa, kun tulevat projektit ovat n\u00e4ht\u00e4vill\u00e4 pitk\u00e4lle tulevaisuuteen!<\/p>\n\n\n\n<p><strong>Ennakointi parantaa projektikannattavuutta ja kassavirtaa.<\/strong><\/p>\n\n\n\n<p><\/p>\n\n\n\n<div class=\"wp-block-buttons alignfull is-horizontal is-content-justification-center is-layout-flex wp-container-core-buttons-is-layout-03627597 wp-block-buttons-is-layout-flex\">\n<div class=\"wp-block-button has-custom-width wp-block-button__width-100 is-style-fill\"><a class=\"wp-block-button__link has-white-color has-luminous-vivid-orange-background-color has-text-color has-background wp-element-button\" href=\"#ota-yhteytta\"><strong>Ota yhteytt\u00e4!<\/strong><\/a><\/div>\n<\/div>\n<\/div>\n\n\n\n<div class=\"wp-block-column has-background-color has-foreground-background-color has-text-color has-background has-link-color wp-elements-3a537a750bdb384a96b69bf63d271b66 is-layout-flow wp-block-column-is-layout-flow\" style=\"padding-top:2em;padding-right:2em;padding-bottom:2em;padding-left:2em\">\n<h2 class=\"wp-block-heading\" id=\"patron\" style=\"font-size:25px\"><strong><strong>Tiedot monessa j\u00e4rjestelm\u00e4ss\u00e4<\/strong><\/strong><\/h2>\n\n\n\n<p style=\"font-size:18px\">T\u00e4rke\u00e4t projektitiedot seisovat monessa eri j\u00e4rjestelm\u00e4ss\u00e4. Paino sanalla \u201cseisovat\u201d, sill\u00e4 ei niit\u00e4 tietoja kukaan l\u00f6yd\u00e4. Ainakaan kovin nopeasti. Urakointi+ -ohjelmistosta l\u00f6yd\u00e4t kaiken yrityksesi datan helposti ja reaaliajassa, tuotteista laskutustietoihin.<\/p>\n\n\n\n<p><strong>Tiedot yhdess\u00e4 j\u00e4rjestelm\u00e4ss\u00e4 tarkoittaa lis\u00e4\u00e4 euroja viivan alle.<\/strong><\/p>\n\n\n\n<div class=\"wp-block-buttons alignfull is-horizontal is-content-justification-center is-layout-flex wp-container-core-buttons-is-layout-03627597 wp-block-buttons-is-layout-flex\"><\/div>\n<\/div>\n<\/div>\n\n\n\n<div style=\"height:69px\" aria-hidden=\"true\" class=\"wp-block-spacer\"><\/div>\n\n\n\n<div class=\"wp-block-columns alignwide is-layout-flex wp-container-core-columns-is-layout-28f84493 wp-block-columns-is-layout-flex\">\n<div class=\"wp-block-column is-vertically-aligned-center is-layout-flow wp-block-column-is-layout-flow\">\n<iframe loading=\"lazy\" src=\"https:\/\/www.youtube.com\/embed\/A4fvzicvD14?controls=0\" title=\"YouTube video player\" allow=\"accelerometer; autoplay; clipboard-write; encrypted-media; gyroscope; picture-in-picture\" allowfullscreen=\"\" width=\"500\" height=\"315\" frameborder=\"0\" class=\"yt-video\"><\/iframe>\n<\/div>\n\n\n\n<div class=\"wp-block-column is-layout-flow wp-block-column-is-layout-flow\">\n<h2 class=\"wp-block-heading has-x-large-font-size\" id=\"tyokirjaukset-kentalta\">Tampereen Bitumikate Oy<\/h2>\n\n\n\n<p>Mik\u00e4 avuksi, kun ty\u00f6maat eiv\u00e4t pysy j\u00e4rjestyksess\u00e4? Mittap\u00f6yt\u00e4kirjoja ilman allekirjoitusta, asioita muistin varassa, laskuttamattomia tonneja\u2026 Katso video ja ota selv\u00e4\u00e4, pystyik\u00f6 Urakointi+ -ohjelmisto palauttamaan j\u00e4rjestyksen Tampereen Bitumikate Oy:n ty\u00f6maille!<\/p>\n\n\n\n<div class=\"wp-block-buttons is-layout-flex wp-block-buttons-is-layout-flex\"><\/div>\n<\/div>\n<\/div>\n\n\n\n<div style=\"height:51px\" aria-hidden=\"true\" class=\"wp-block-spacer\"><\/div>\n\n\n\n<div class=\"wp-block-columns alignwide is-layout-flex wp-container-core-columns-is-layout-28f84493 wp-block-columns-is-layout-flex\">\n<div class=\"wp-block-column has-foreground-color has-background-background-color has-text-color has-background has-link-color wp-elements-5e53aa2eb9a54a269f3eec53295a97fa is-layout-flow wp-block-column-is-layout-flow\" style=\"padding-top:2em;padding-right:2em;padding-bottom:2em;padding-left:2em\">\n<p class=\"has-text-align-center\"><em>\u201cUrakointi+ s\u00e4\u00e4st\u00e4\u00e4 paljon aikaa, eik\u00e4 lis\u00e4t\u00f6it\u00e4 j\u00e4\u00e4 en\u00e4\u00e4 laskuttamatta!\u201d<\/em><\/p>\n\n\n\n<h2 class=\"wp-block-heading has-text-align-center\" id=\"single\" style=\"font-size:25px\">Jukka Laukkanen, <strong>Tampereen Bitumikate Oy<\/strong><\/h2>\n\n\n\n<p><\/p>\n\n\n\n<div class=\"wp-block-buttons alignfull is-horizontal is-content-justification-center is-layout-flex wp-container-core-buttons-is-layout-03627597 wp-block-buttons-is-layout-flex\"><\/div>\n<\/div>\n\n\n\n<div class=\"wp-block-column has-foreground-color has-background-background-color has-text-color has-background has-link-color wp-elements-29ee371a8d9b370a1eefbcdbd62276be is-layout-flow wp-block-column-is-layout-flow\" style=\"padding-top:2em;padding-right:2em;padding-bottom:2em;padding-left:2em\">\n<p class=\"has-text-align-center\" style=\"font-size:18px;line-height:1.6\"><em>\u201dMeill\u00e4 on paljon yksitt\u00e4isi\u00e4 projekteja, joiden hallinta on ollut hankalaa. Urakointi+ -ohjelmiston avulla projektit pysyv\u00e4t helpommin hallinnassa.\u201d<\/em><\/p>\n\n\n\n<h2 class=\"wp-block-heading has-text-align-center\" id=\"family\" style=\"font-size:25px\">Jukka Laukkanen, <strong>Tampereen Bitumikate Oy<\/strong><\/h2>\n<\/div>\n\n\n\n<div class=\"wp-block-column has-foreground-color has-background-background-color has-text-color has-background has-link-color wp-elements-3fe469bb515e0eb094b042d4be17e6ab is-layout-flow wp-block-column-is-layout-flow\" style=\"padding-top:2em;padding-right:2em;padding-bottom:2em;padding-left:2em\">\n<p class=\"has-text-align-center\"><em>\u201cApua on aina saanut. Koskaan ei ole tullut sellaista oloa, ett\u00e4 meit\u00e4 ei kuunneltaisi\u201d<\/em><\/p>\n\n\n\n<h2 class=\"wp-block-heading has-text-align-center\" id=\"patron\" style=\"font-size:25px\">Miikka Riitamo, <strong>Isoniitun Kone Oy<\/strong><\/h2>\n\n\n\n<div class=\"wp-block-buttons alignfull is-horizontal is-content-justification-center is-layout-flex wp-container-core-buttons-is-layout-03627597 wp-block-buttons-is-layout-flex\"><\/div>\n<\/div>\n<\/div>\n\n\n\n<div style=\"height:51px\" aria-hidden=\"true\" class=\"wp-block-spacer\"><\/div>\n\n\n\n<h2 class=\"wp-block-heading has-text-align-center has-x-large-font-size\" id=\"tyokirjaukset-kentalta\">Alat olla l\u00e4hell\u00e4 kest\u00e4v\u00e4\u00e4 kokonaisuuden hallintaa.<\/h2>\n\n\n\n<p class=\"has-text-align-center\" id=\"ota-yhteytta\" style=\"font-size:0.9rem\">J\u00e4t\u00e4 meille yhteystietosi, niin keskustellaan, miten tehostaisimme kattoremonttiyrityksesi toimintaa.<\/p>\n\n\n\n<div class=\"wp-block-contact-form-7-contact-form-selector\">\n<div class=\"wpcf7 no-js\" id=\"wpcf7-f987-o1\" lang=\"fi\" dir=\"ltr\" data-wpcf7-id=\"987\">\n<div class=\"screen-reader-response\"><p role=\"status\" aria-live=\"polite\" aria-atomic=\"true\"><\/p> <ul><\/ul><\/div>\n<form action=\"\/index.php\/wp-json\/wp\/v2\/pages\/630#wpcf7-f987-o1\" method=\"post\" class=\"wpcf7-form init\" aria-label=\"Yhteydenottolomake\" novalidate=\"novalidate\" data-status=\"init\">\n<fieldset class=\"hidden-fields-container\"><input type=\"hidden\" name=\"_wpcf7\" value=\"987\" \/><input type=\"hidden\" name=\"_wpcf7_version\" value=\"6.1.5\" \/><input type=\"hidden\" name=\"_wpcf7_locale\" value=\"fi\" \/><input type=\"hidden\" name=\"_wpcf7_unit_tag\" value=\"wpcf7-f987-o1\" \/><input type=\"hidden\" name=\"_wpcf7_container_post\" value=\"0\" \/><input type=\"hidden\" name=\"_wpcf7_posted_data_hash\" value=\"\" \/><input type=\"hidden\" name=\"_wpcf7_recaptcha_response\" value=\"\" \/>\n<\/fieldset>\n<div class=\"cf7-clearfix\">\n\t<div class=\"cf7-form-row\">\n\t\t<p><label>Nimi<br \/>\n<span class=\"wpcf7-form-control-wrap\" data-name=\"your-name\"><input size=\"40\" maxlength=\"400\" class=\"wpcf7-form-control wpcf7-text wpcf7-validates-as-required\" id=\"cf7-input\" aria-required=\"true\" aria-invalid=\"false\" value=\"\" type=\"text\" name=\"your-name\" \/><\/span> <\/label>\n\t\t<\/p>\n\t<\/div>\n\t<div class=\"cf7-form-row\">\n\t\t<div class=\"cf7-column-half\">\n\t\t\t<p><label> S\u00e4hk\u00f6posti<br \/>\n<span class=\"wpcf7-form-control-wrap\" data-name=\"your-email\"><input size=\"40\" maxlength=\"400\" class=\"wpcf7-form-control wpcf7-email wpcf7-validates-as-required wpcf7-text wpcf7-validates-as-email\" aria-required=\"true\" aria-invalid=\"false\" value=\"\" type=\"email\" name=\"your-email\" \/><\/span> <\/label>\n\t\t\t<\/p>\n\t\t<\/div>\n\t\t<div class=\"cf7-column-half\">\n\t\t\t<p><label> Puhelin<br \/>\n<span class=\"wpcf7-form-control-wrap\" data-name=\"your-phone\"><input size=\"40\" maxlength=\"400\" class=\"wpcf7-form-control wpcf7-text\" aria-invalid=\"false\" value=\"\" type=\"text\" name=\"your-phone\" \/><\/span> <\/label>\n\t\t\t<\/p>\n\t\t<\/div>\n\t<\/div>\n\t<div class=\"cf7-form-row\">\n\t\t<div class=\"cf7-column-full\">\n\t\t\t<p><label> Viesti<br \/>\n<span class=\"wpcf7-form-control-wrap\" data-name=\"your-message\"><textarea cols=\"40\" rows=\"10\" maxlength=\"2000\" class=\"wpcf7-form-control wpcf7-textarea\" aria-invalid=\"false\" name=\"your-message\"><\/textarea><\/span> <\/label>\n\t\t\t<\/p>\n\t\t<\/div>\n\t<\/div>\n\t<div class=\"cf7-form-row\">\n\t\t<p><input class=\"wpcf7-form-control wpcf7-submit has-spinner\" type=\"submit\" value=\"L\u00e4het\u00e4\" \/>\n\t\t<\/p>\n\t<\/div>\n<\/div><div class=\"wpcf7-response-output\" aria-hidden=\"true\"><\/div>\n<\/form>\n<\/div>\n<\/div>\n\n\n\n<div class=\"wp-block-columns is-layout-flex wp-container-core-columns-is-layout-28f84493 wp-block-columns-is-layout-flex\"><\/div>\n","protected":false},"excerpt":{"rendered":"<p>Mik\u00e4 erottaa menestyv\u00e4t kattoremonttiyritykset muista? Palvelusi on erinomainen. Kattokeikkaa pukkaa, ja ty\u00f6miesten paperinkulmaan raapustamat ty\u00f6tunnit paukkuvat. Mutta jokin m\u00e4tt\u00e4\u00e4. Tehtyj\u00e4 t\u00f6it\u00e4 on muistin varassa. Lis\u00e4t\u00f6it\u00e4 j\u00e4\u00e4 laskuttamatta. Manuaalinen kirjaaminen on ty\u00f6l\u00e4st\u00e4 ja aikaaviev\u00e4\u00e4. Urakointi+ auttaa sinua hallitsemaan kokonaisuutta: p\u00e4\u00e4set eroon manuaalisesta kirjaamisesta, pysyt k\u00e4rryill\u00e4 kattoprojektien etenemisest\u00e4, projektien ennakoiminen ja aikataulutus helpottuu eik\u00e4 mittap\u00f6yt\u00e4kirjoja py\u00f6ri ty\u00f6p\u00f6ydill\u00e4 [&hellip;]<\/p>\n","protected":false},"author":1,"featured_media":0,"parent":0,"menu_order":0,"comment_status":"closed","ping_status":"closed","template":"wp-custom-template-kattoremontti-sivu","meta":{"_et_pb_use_builder":"","_et_pb_old_content":"","_et_gb_content_width":"","footnotes":""},"class_list":["post-630","page","type-page","status-publish","hentry"],"_links":{"self":[{"href":"https:\/\/www.urakointiplus.fi\/index.php\/wp-json\/wp\/v2\/pages\/630","targetHints":{"allow":["GET"]}}],"collection":[{"href":"https:\/\/www.urakointiplus.fi\/index.php\/wp-json\/wp\/v2\/pages"}],"about":[{"href":"https:\/\/www.urakointiplus.fi\/index.php\/wp-json\/wp\/v2\/types\/page"}],"author":[{"embeddable":true,"href":"https:\/\/www.urakointiplus.fi\/index.php\/wp-json\/wp\/v2\/users\/1"}],"replies":[{"embeddable":true,"href":"https:\/\/www.urakointiplus.fi\/index.php\/wp-json\/wp\/v2\/comments?post=630"}],"version-history":[{"count":18,"href":"https:\/\/www.urakointiplus.fi\/index.php\/wp-json\/wp\/v2\/pages\/630\/revisions"}],"predecessor-version":[{"id":1186,"href":"https:\/\/www.urakointiplus.fi\/index.php\/wp-json\/wp\/v2\/pages\/630\/revisions\/1186"}],"wp:attachment":[{"href":"https:\/\/www.urakointiplus.fi\/index.php\/wp-json\/wp\/v2\/media?parent=630"}],"curies":[{"name":"wp","href":"https:\/\/api.w.org\/{rel}","templated":true}]}}