{"id":632,"date":"2023-03-16T11:03:58","date_gmt":"2023-03-16T09:03:58","guid":{"rendered":"https:\/\/www.urakointiplus.fi\/?page_id=632"},"modified":"2024-10-10T08:56:01","modified_gmt":"2024-10-10T06:56:01","slug":"lasitusliikkeet","status":"publish","type":"page","link":"https:\/\/www.urakointiplus.fi\/index.php\/lasitusliikkeet\/","title":{"rendered":"Lasitusliikkeet"},"content":{"rendered":"\n<div style=\"height:51px\" aria-hidden=\"true\" class=\"wp-block-spacer\"><\/div>\n\n\n\n<div class=\"wp-block-columns alignwide is-layout-flex wp-container-core-columns-is-layout-28f84493 wp-block-columns-is-layout-flex\">\n<div class=\"wp-block-column is-layout-flow wp-block-column-is-layout-flow\">\n<h2 class=\"wp-block-heading has-x-large-font-size\" id=\"tyokirjaukset-kentalta\">Mik\u00e4 erottaa menestyv\u00e4t lasitusliikkeet muista?<\/h2>\n\n\n\n<p>Palvelusi on erinomainen. Keikkaa pukkaa, ja asentajien paperinkulmaan raapustamat ty\u00f6tunnit paukkuvat. Mutta jokin m\u00e4tt\u00e4\u00e4. Tarjousten tekeminen vaatii korkeampaa matematiikkaa. Lasituskeikkojen tietoja siirrell\u00e4\u00e4n palvelusta toiseen. Kohteiden historiatiedot ovat vaikeasti l\u00f6ydett\u00e4viss\u00e4. Urakointi+ auttaa sinua hallitsemaan kokonaisuutta: lasitarjoukset syntyv\u00e4t automaattisesti mitat antamalla, pysyt k\u00e4rryill\u00e4 projektien etenemisest\u00e4, voit raportoida ja dokumentoida asentajiesi tekem\u00e4t ty\u00f6t ja p\u00e4\u00e4set eroon monen eri j\u00e4rjestelm\u00e4n luomasta virtuaalikaaoksesta.<\/p>\n\n\n\n<div class=\"wp-block-buttons is-layout-flex wp-block-buttons-is-layout-flex\">\n<div class=\"wp-block-button\"><a class=\"wp-block-button__link has-background-color has-luminous-vivid-orange-background-color has-text-color has-background wp-element-button\" href=\"\/#ota-yhteytta\"><strong>Soita, niin jutellaan!<\/strong><\/a><\/div>\n<\/div>\n<\/div>\n\n\n\n<div class=\"wp-block-column is-layout-flow wp-block-column-is-layout-flow\">\n<figure class=\"wp-block-image size-full\"><img loading=\"lazy\" decoding=\"async\" width=\"1000\" height=\"667\" src=\"https:\/\/www.urakointiplus.fi\/wp-content\/uploads\/2023\/03\/shutterstock_1022190580.jpg\" alt=\"\" class=\"wp-image-892\"\/><\/figure>\n<\/div>\n<\/div>\n\n\n\n<div style=\"height:32px\" aria-hidden=\"true\" class=\"wp-block-spacer\"><\/div>\n\n\n\n<h2 class=\"wp-block-heading has-text-align-center has-x-large-font-size\" id=\"tyokirjaukset-kentalta\">Yksi ohjelma, monta ratkaistua ongelmaa<\/h2>\n\n\n\n<div class=\"wp-block-columns alignwide is-layout-flex wp-container-core-columns-is-layout-28f84493 wp-block-columns-is-layout-flex\">\n<div class=\"wp-block-column has-background-color has-foreground-background-color has-text-color has-background has-link-color wp-elements-8100a0be7ec95ae6e779074f80e5e374 is-layout-flow wp-block-column-is-layout-flow\" style=\"padding-top:2em;padding-right:2em;padding-bottom:2em;padding-left:2em\">\n<h2 class=\"wp-block-heading\" id=\"single\" style=\"font-size:25px\"><strong>Tiedot monessa j\u00e4rjestelm\u00e4ss\u00e4<\/strong><\/h2>\n\n\n\n<p style=\"font-size:18px;line-height:1.6\">Lasien hinnastot ja muut t\u00e4rke\u00e4t projektitiedot seisovat monessa eri j\u00e4rjestelm\u00e4ss\u00e4. Paino sanalla \u201cseisovat\u201d, sill\u00e4 ei niit\u00e4 tietoja kukaan l\u00f6yd\u00e4. Ainakaan kovin nopeasti. Urakointi+ -j\u00e4rjestelm\u00e4st\u00e4 l\u00f6yd\u00e4t kaiken yrityksesi datan helposti ja reaaliajassa, lasien mitoista laskutustietoihin.<\/p>\n\n\n\n<p><strong>Tiedot yhdess\u00e4 j\u00e4rjestelm\u00e4ss\u00e4 tarkoittaa lis\u00e4\u00e4 euroja viivan alle.<\/strong><\/p>\n\n\n\n<div class=\"wp-block-buttons alignfull is-horizontal is-content-justification-center is-layout-flex wp-container-core-buttons-is-layout-03627597 wp-block-buttons-is-layout-flex\"><\/div>\n<\/div>\n\n\n\n<div class=\"wp-block-column has-background-color has-foreground-background-color has-text-color has-background has-link-color wp-elements-030721afbf60f1fc433c2e5fddcd3499 is-layout-flow wp-block-column-is-layout-flow\" style=\"padding-top:2em;padding-right:2em;padding-bottom:2em;padding-left:2em\">\n<h2 class=\"wp-block-heading\" id=\"family\" style=\"font-size:25px\"><strong>Projektien seuranta ja ennakoiminen vaikeaa<\/strong><\/h2>\n\n\n\n<p style=\"font-size:18px;line-height:1.6\">Hankaluuksia pysy\u00e4 perill\u00e4 lasitusprojektien etenemisest\u00e4 ja ennakoida tulevaa? Urakointi+ -j\u00e4rjestelm\u00e4st\u00e4 n\u00e4et kaikki projektin tiedot yhdell\u00e4 silm\u00e4yksell\u00e4. Ennakoiminen on helppoa, kun tulevat projektit ovat n\u00e4ht\u00e4vill\u00e4 pitk\u00e4lle tulevaisuuteen!<\/p>\n\n\n\n<p><strong>Ennakointi parantaa projektikannattavuutta ja kassavirtaa.<\/strong><\/p>\n\n\n\n<p><\/p>\n\n\n\n<div class=\"wp-block-buttons alignfull is-horizontal is-content-justification-center is-layout-flex wp-container-core-buttons-is-layout-03627597 wp-block-buttons-is-layout-flex\">\n<div class=\"wp-block-button has-custom-width wp-block-button__width-100 is-style-fill\"><a class=\"wp-block-button__link has-white-color has-luminous-vivid-orange-background-color has-text-color has-background wp-element-button\" href=\"#ota-yhteytta\"><strong>Ota yhteytt\u00e4!<\/strong><\/a><\/div>\n<\/div>\n<\/div>\n\n\n\n<div class=\"wp-block-column has-background-color has-foreground-background-color has-text-color has-background has-link-color wp-elements-31fb9f0e00414c41b853ab11c290ae79 is-layout-flow wp-block-column-is-layout-flow\" style=\"padding-top:2em;padding-right:2em;padding-bottom:2em;padding-left:2em\">\n<h2 class=\"wp-block-heading\" id=\"patron\" style=\"font-size:25px\"><strong><strong>Kirjaaminen vie paljon ty\u00f6aikaa, ja virheiden riski on suuri<\/strong><\/strong><\/h2>\n\n\n\n<p style=\"font-size:18px\">Nyt viimeist\u00e4\u00e4n on aika j\u00e4tt\u00e4\u00e4 ty\u00f6tuntien ja projektitietojen manuaalinen kirjaaminen edelliselle vuosikymmenelle! Minimoi virheet ja varmista tietojen oikeellisuus siirtym\u00e4ll\u00e4  s\u00e4hk\u00f6iseen Urakointi+ &#8211; j\u00e4rjestelm\u00e4\u00e4n!<\/p>\n\n\n\n<p><strong>Tehokkuus v\u00e4hent\u00e4\u00e4 virheit\u00e4 ja lis\u00e4\u00e4 laskutettavaa ty\u00f6t\u00e4. Eli lis\u00e4\u00e4 myynti\u00e4!<\/strong><\/p>\n\n\n\n<div class=\"wp-block-buttons alignfull is-horizontal is-content-justification-center is-layout-flex wp-container-core-buttons-is-layout-03627597 wp-block-buttons-is-layout-flex\"><\/div>\n<\/div>\n<\/div>\n\n\n\n<div style=\"height:69px\" aria-hidden=\"true\" class=\"wp-block-spacer\"><\/div>\n\n\n\n<div class=\"wp-block-columns alignwide is-layout-flex wp-container-core-columns-is-layout-28f84493 wp-block-columns-is-layout-flex\">\n<div class=\"wp-block-column is-vertically-aligned-center is-layout-flow wp-block-column-is-layout-flow\">\n<figure class=\"wp-block-image size-full is-resized\"><img loading=\"lazy\" decoding=\"async\" width=\"756\" height=\"586\" src=\"https:\/\/www.urakointiplus.fi\/wp-content\/uploads\/2022\/02\/allekirjoitus.jpg\" alt=\"\" class=\"wp-image-152\" style=\"width:488px;height:378px\"\/><\/figure>\n<\/div>\n\n\n\n<div class=\"wp-block-column is-layout-flow wp-block-column-is-layout-flow\">\n<h2 class=\"wp-block-heading has-x-large-font-size\" id=\"tyokirjaukset-kentalta\">Lasitusliike Kivij\u00e4rvi Oy<\/h2>\n\n\n\n<p>Lasitusliike Kivij\u00e4rvi Oy v\u00e4syi tietojen hajanaisuuteen, manuaaliseen ty\u00f6n kirjaamiseen ja kyselemisen varassa olemiseen. Lue, miten Urakointi+ paransi Lasitusliike Kivij\u00e4rvi Oy:n liiketoimintaa ja kokonaisuuden hallintaa.<\/p>\n\n\n\n<div class=\"wp-block-buttons is-layout-flex wp-block-buttons-is-layout-flex\">\n<div class=\"wp-block-button\"><a class=\"wp-block-button__link has-luminous-vivid-orange-background-color has-background wp-element-button\" href=\"https:\/\/www.urakointiplus.fi\/wp-content\/uploads\/2022\/11\/Asiakaskertomus-Lasitusliike-Kivijarvi-Oy.pdf\"><strong>Lasitusliike<\/strong> <strong>Kivij\u00e4rvi Oy:n menestystarina<\/strong><\/a><\/div>\n<\/div>\n<\/div>\n<\/div>\n\n\n\n<div style=\"height:51px\" aria-hidden=\"true\" class=\"wp-block-spacer\"><\/div>\n\n\n\n<div class=\"wp-block-columns alignwide is-layout-flex wp-container-core-columns-is-layout-28f84493 wp-block-columns-is-layout-flex\">\n<div class=\"wp-block-column has-foreground-color has-background-background-color has-text-color has-background has-link-color wp-elements-aebb58ada1c95da486ac8f52bca728f5 is-layout-flow wp-block-column-is-layout-flow\" style=\"padding-top:2em;padding-right:2em;padding-bottom:2em;padding-left:2em\">\n<p class=\"has-text-align-center\" style=\"font-size:18px;line-height:1.6\"><em>\u201cSe toimii juuri niin kuin meille pit\u00e4\u00e4kin toimia. Siit\u00e4 t\u00e4ytyy kyll\u00e4 hattua nostaa!\u201d&nbsp;<\/em><\/p>\n\n\n\n<h2 class=\"wp-block-heading has-text-align-center\" id=\"single\" style=\"font-size:25px\"><strong>Lasitusliike Kivij\u00e4rvi Oy<\/strong><\/h2>\n\n\n\n<p><\/p>\n\n\n\n<div class=\"wp-block-buttons alignfull is-horizontal is-content-justification-center is-layout-flex wp-container-core-buttons-is-layout-03627597 wp-block-buttons-is-layout-flex\"><\/div>\n<\/div>\n\n\n\n<div class=\"wp-block-column has-foreground-color has-background-background-color has-text-color has-background has-link-color wp-elements-caaafd818f4c77bb43c9944474e19966 is-layout-flow wp-block-column-is-layout-flow\" style=\"padding-top:2em;padding-right:2em;padding-bottom:2em;padding-left:2em\">\n<p class=\"has-text-align-center\" style=\"font-size:18px;line-height:1.6\"><em>\u201cT\u00f6iden organisointi on helpompaa, ja kaikki on paljon selke\u00e4mp\u00e4\u00e4!\u201d<\/em><\/p>\n\n\n\n<h2 class=\"wp-block-heading has-text-align-center\" id=\"family\" style=\"font-size:25px\"><strong>Lasitusliike<\/strong> <strong>Kivij\u00e4rvi Oy<\/strong><\/h2>\n<\/div>\n\n\n\n<div class=\"wp-block-column has-foreground-color has-background-background-color has-text-color has-background has-link-color wp-elements-270ffb41b3365de78c690c0544e15a93 is-layout-flow wp-block-column-is-layout-flow\" style=\"padding-top:2em;padding-right:2em;padding-bottom:2em;padding-left:2em\">\n<p class=\"has-text-align-center\"><em>\u201cTy\u00f6kirjaus on ollut alusta saakka helppo k\u00e4ytt\u00e4\u00e4, ja ty\u00f6ntekij\u00e4t ovat olleet siihen tyytyv\u00e4isi\u00e4\u201d<\/em><\/p>\n\n\n\n<h2 class=\"wp-block-heading has-text-align-center\" id=\"patron\" style=\"font-size:25px\">Miikka Riitamo, <strong><strong>Isoniitun Kone Oy<\/strong><\/strong><\/h2>\n\n\n\n<div class=\"wp-block-buttons alignfull is-horizontal is-content-justification-center is-layout-flex wp-container-core-buttons-is-layout-03627597 wp-block-buttons-is-layout-flex\"><\/div>\n<\/div>\n<\/div>\n\n\n\n<div style=\"height:51px\" aria-hidden=\"true\" class=\"wp-block-spacer\"><\/div>\n\n\n\n<h2 class=\"wp-block-heading has-text-align-center has-x-large-font-size\" id=\"tyokirjaukset-kentalta\">Alat olla l\u00e4hell\u00e4 s\u00e4rkym\u00e4t\u00f6nt\u00e4 kokonaisuuden hallintaa.<\/h2>\n\n\n\n<p class=\"has-text-align-center\" id=\"ota-yhteytta\" style=\"font-size:0.9rem\">J\u00e4t\u00e4 meille yhteystietosi, niin keskustellaan, miten tehostaisimme lasitusliikkeesi toimintaa.<\/p>\n\n\n\n<div class=\"wp-block-contact-form-7-contact-form-selector\">\n<div class=\"wpcf7 no-js\" id=\"wpcf7-f987-o1\" lang=\"fi\" dir=\"ltr\" data-wpcf7-id=\"987\">\n<div class=\"screen-reader-response\"><p role=\"status\" aria-live=\"polite\" aria-atomic=\"true\"><\/p> <ul><\/ul><\/div>\n<form action=\"\/index.php\/wp-json\/wp\/v2\/pages\/632#wpcf7-f987-o1\" method=\"post\" class=\"wpcf7-form init\" aria-label=\"Yhteydenottolomake\" novalidate=\"novalidate\" data-status=\"init\">\n<fieldset class=\"hidden-fields-container\"><input type=\"hidden\" name=\"_wpcf7\" value=\"987\" \/><input type=\"hidden\" name=\"_wpcf7_version\" value=\"6.1.5\" \/><input type=\"hidden\" name=\"_wpcf7_locale\" value=\"fi\" \/><input type=\"hidden\" name=\"_wpcf7_unit_tag\" value=\"wpcf7-f987-o1\" \/><input type=\"hidden\" name=\"_wpcf7_container_post\" value=\"0\" \/><input type=\"hidden\" name=\"_wpcf7_posted_data_hash\" value=\"\" \/><input type=\"hidden\" name=\"_wpcf7_recaptcha_response\" value=\"\" \/>\n<\/fieldset>\n<div class=\"cf7-clearfix\">\n\t<div class=\"cf7-form-row\">\n\t\t<p><label>Nimi<br \/>\n<span class=\"wpcf7-form-control-wrap\" data-name=\"your-name\"><input size=\"40\" maxlength=\"400\" class=\"wpcf7-form-control wpcf7-text wpcf7-validates-as-required\" id=\"cf7-input\" aria-required=\"true\" aria-invalid=\"false\" value=\"\" type=\"text\" name=\"your-name\" \/><\/span> <\/label>\n\t\t<\/p>\n\t<\/div>\n\t<div class=\"cf7-form-row\">\n\t\t<div class=\"cf7-column-half\">\n\t\t\t<p><label> S\u00e4hk\u00f6posti<br \/>\n<span class=\"wpcf7-form-control-wrap\" data-name=\"your-email\"><input size=\"40\" maxlength=\"400\" class=\"wpcf7-form-control wpcf7-email wpcf7-validates-as-required wpcf7-text wpcf7-validates-as-email\" aria-required=\"true\" aria-invalid=\"false\" value=\"\" type=\"email\" name=\"your-email\" \/><\/span> <\/label>\n\t\t\t<\/p>\n\t\t<\/div>\n\t\t<div class=\"cf7-column-half\">\n\t\t\t<p><label> Puhelin<br \/>\n<span class=\"wpcf7-form-control-wrap\" data-name=\"your-phone\"><input size=\"40\" maxlength=\"400\" class=\"wpcf7-form-control wpcf7-text\" aria-invalid=\"false\" value=\"\" type=\"text\" name=\"your-phone\" \/><\/span> <\/label>\n\t\t\t<\/p>\n\t\t<\/div>\n\t<\/div>\n\t<div class=\"cf7-form-row\">\n\t\t<div class=\"cf7-column-full\">\n\t\t\t<p><label> Viesti<br \/>\n<span class=\"wpcf7-form-control-wrap\" data-name=\"your-message\"><textarea cols=\"40\" rows=\"10\" maxlength=\"2000\" class=\"wpcf7-form-control wpcf7-textarea\" aria-invalid=\"false\" name=\"your-message\"><\/textarea><\/span> <\/label>\n\t\t\t<\/p>\n\t\t<\/div>\n\t<\/div>\n\t<div class=\"cf7-form-row\">\n\t\t<p><input class=\"wpcf7-form-control wpcf7-submit has-spinner\" type=\"submit\" value=\"L\u00e4het\u00e4\" \/>\n\t\t<\/p>\n\t<\/div>\n<\/div><div class=\"wpcf7-response-output\" aria-hidden=\"true\"><\/div>\n<\/form>\n<\/div>\n<\/div>\n\n\n\n<div class=\"wp-block-columns is-layout-flex wp-container-core-columns-is-layout-28f84493 wp-block-columns-is-layout-flex\"><\/div>\n","protected":false},"excerpt":{"rendered":"<p>Mik\u00e4 erottaa menestyv\u00e4t lasitusliikkeet muista? Palvelusi on erinomainen. Keikkaa pukkaa, ja asentajien paperinkulmaan raapustamat ty\u00f6tunnit paukkuvat. Mutta jokin m\u00e4tt\u00e4\u00e4. Tarjousten tekeminen vaatii korkeampaa matematiikkaa. Lasituskeikkojen tietoja siirrell\u00e4\u00e4n palvelusta toiseen. Kohteiden historiatiedot ovat vaikeasti l\u00f6ydett\u00e4viss\u00e4. Urakointi+ auttaa sinua hallitsemaan kokonaisuutta: lasitarjoukset syntyv\u00e4t automaattisesti mitat antamalla, pysyt k\u00e4rryill\u00e4 projektien etenemisest\u00e4, voit raportoida ja dokumentoida asentajiesi tekem\u00e4t ty\u00f6t [&hellip;]<\/p>\n","protected":false},"author":1,"featured_media":0,"parent":0,"menu_order":0,"comment_status":"closed","ping_status":"closed","template":"wp-custom-template-lasitusliike-sivu","meta":{"_et_pb_use_builder":"","_et_pb_old_content":"","_et_gb_content_width":"","footnotes":""},"class_list":["post-632","page","type-page","status-publish","hentry"],"_links":{"self":[{"href":"https:\/\/www.urakointiplus.fi\/index.php\/wp-json\/wp\/v2\/pages\/632","targetHints":{"allow":["GET"]}}],"collection":[{"href":"https:\/\/www.urakointiplus.fi\/index.php\/wp-json\/wp\/v2\/pages"}],"about":[{"href":"https:\/\/www.urakointiplus.fi\/index.php\/wp-json\/wp\/v2\/types\/page"}],"author":[{"embeddable":true,"href":"https:\/\/www.urakointiplus.fi\/index.php\/wp-json\/wp\/v2\/users\/1"}],"replies":[{"embeddable":true,"href":"https:\/\/www.urakointiplus.fi\/index.php\/wp-json\/wp\/v2\/comments?post=632"}],"version-history":[{"count":14,"href":"https:\/\/www.urakointiplus.fi\/index.php\/wp-json\/wp\/v2\/pages\/632\/revisions"}],"predecessor-version":[{"id":1183,"href":"https:\/\/www.urakointiplus.fi\/index.php\/wp-json\/wp\/v2\/pages\/632\/revisions\/1183"}],"wp:attachment":[{"href":"https:\/\/www.urakointiplus.fi\/index.php\/wp-json\/wp\/v2\/media?parent=632"}],"curies":[{"name":"wp","href":"https:\/\/api.w.org\/{rel}","templated":true}]}}