{"id":634,"date":"2023-03-16T11:04:55","date_gmt":"2023-03-16T09:04:55","guid":{"rendered":"https:\/\/www.urakointiplus.fi\/?page_id=634"},"modified":"2025-03-31T14:04:31","modified_gmt":"2025-03-31T12:04:31","slug":"maansiirtoyritykset","status":"publish","type":"page","link":"https:\/\/www.urakointiplus.fi\/index.php\/maansiirtoyritykset\/","title":{"rendered":"Maansiirtoyritykset"},"content":{"rendered":"\n<div style=\"height:51px\" aria-hidden=\"true\" class=\"wp-block-spacer\"><\/div>\n\n\n\n<div class=\"wp-block-columns alignwide is-layout-flex wp-container-core-columns-is-layout-28f84493 wp-block-columns-is-layout-flex\">\n<div class=\"wp-block-column is-layout-flow wp-block-column-is-layout-flow\">\n<h2 class=\"wp-block-heading has-x-large-font-size\" id=\"tyokirjaukset-kentalta\">Mik\u00e4 erottaa menestyv\u00e4t maansiirtoyritykset muista?<\/h2>\n\n\n\n<p>Palvelusi on erinomainen. Keikkaa pukkaa, ja ty\u00f6tunnit paukkuvat. Mutta jokin m\u00e4tt\u00e4\u00e4. Ty\u00f6kirjausten tekeminen ja j\u00e4lkilaskenta on ty\u00f6l\u00e4st\u00e4 ja hankalaa. Toimistot\u00f6ihin kuluva aika venytt\u00e4\u00e4 jo valmiiksi t\u00e4ysi\u00e4 ty\u00f6p\u00e4ivi\u00e4. Urakointi+ auttaa sinua hallitsemaan kokonaisuutta: Ty\u00f6kirjaukset syntyv\u00e4t vaivattomasti, kun ty\u00f6maan alle saa ty\u00f6tuntien lis\u00e4ksi kirjattua helposti eri ty\u00f6lajeja yhdell\u00e4 ty\u00f6kirjauksella. Integraatio taloushallintoj\u00e4rjestelm\u00e4n kanssa automatisoi kustannusseurantaa. J\u00e4rjestelm\u00e4n r\u00e4\u00e4t\u00e4l\u00f6it\u00e4vyys ja joustavuus mahdollistavat jatkuvan kehityksen.<\/p>\n\n\n\n<div class=\"wp-block-buttons is-layout-flex wp-block-buttons-is-layout-flex\">\n<div class=\"wp-block-button\"><a class=\"wp-block-button__link has-background-color has-luminous-vivid-orange-background-color has-text-color has-background wp-element-button\" href=\"\/#ota-yhteytta\"><strong>Soita, niin jutellaan!<\/strong><\/a><\/div>\n<\/div>\n<\/div>\n\n\n\n<div class=\"wp-block-column is-layout-flow wp-block-column-is-layout-flow\">\n<figure class=\"wp-block-image size-full\"><img loading=\"lazy\" decoding=\"async\" width=\"1200\" height=\"628\" src=\"https:\/\/www.urakointiplus.fi\/wp-content\/uploads\/2022\/11\/Urakointiplus-planning.jpeg\" alt=\"\" class=\"wp-image-341\"\/><\/figure>\n<\/div>\n<\/div>\n\n\n\n<div style=\"height:32px\" aria-hidden=\"true\" class=\"wp-block-spacer\"><\/div>\n\n\n\n<h2 class=\"wp-block-heading has-text-align-center has-x-large-font-size\" id=\"tyokirjaukset-kentalta\">Yksi ohjelma, monta ratkaistua ongelmaa<\/h2>\n\n\n\n<div class=\"wp-block-columns alignwide is-layout-flex wp-container-core-columns-is-layout-28f84493 wp-block-columns-is-layout-flex\">\n<div class=\"wp-block-column has-background-color has-foreground-background-color has-text-color has-background has-link-color wp-elements-7c75d5a2d46b94f652d50b79bf58a8af is-layout-flow wp-block-column-is-layout-flow\" style=\"padding-top:2em;padding-right:2em;padding-bottom:2em;padding-left:2em\">\n<h2 class=\"wp-block-heading\" id=\"single\" style=\"font-size:25px\"><strong>Tiedot monessa j\u00e4rjestelm\u00e4ss\u00e4<\/strong><\/h2>\n\n\n\n<p style=\"font-size:18px;line-height:1.6\">T\u00e4rke\u00e4t projektitiedot seisovat monessa eri j\u00e4rjestelm\u00e4ss\u00e4. Paino sanalla \u201dseisovat\u201d, sill\u00e4 ei niit\u00e4 tietoja kukaan l\u00f6yd\u00e4. Ainakaan kovin helposti. Urakointi+ j\u00e4rjestelm\u00e4st\u00e4 l\u00f6yd\u00e4t kaiken yrityksesi datan helposti ja reaaliajassa, tuotteista laskutustietoihin.<\/p>\n\n\n\n<p><strong>Tiedot yhdess\u00e4 j\u00e4rjestelm\u00e4ss\u00e4 tarkoittaa lis\u00e4\u00e4 euroja viivan alle.<\/strong><\/p>\n\n\n\n<div class=\"wp-block-buttons alignfull is-horizontal is-content-justification-center is-layout-flex wp-container-core-buttons-is-layout-03627597 wp-block-buttons-is-layout-flex\"><\/div>\n<\/div>\n\n\n\n<div class=\"wp-block-column has-background-color has-foreground-background-color has-text-color has-background has-link-color wp-elements-eb58c0cf459ee679df6ef9c3c2a6ec8c is-layout-flow wp-block-column-is-layout-flow\" style=\"padding-top:2em;padding-right:2em;padding-bottom:2em;padding-left:2em\">\n<h2 class=\"wp-block-heading\" id=\"family\" style=\"font-size:25px\"><strong>Kirjaaminen vie paljon ty\u00f6aikaa, ja virheiden riski on suuri<\/strong><\/h2>\n\n\n\n<p style=\"font-size:18px;line-height:1.6\">Nyt viimeist\u00e4\u00e4n on aika j\u00e4tt\u00e4\u00e4 ty\u00f6tuntien ja projektitietojen manuaalinen kirjaaminen edelliselle vuosikymmenelle! Minimoi virheet ja varmista tietojen oikeellisuus siirtym\u00e4ll\u00e4 s\u00e4hk\u00f6iseen Urakointi+ j\u00e4rjestelm\u00e4\u00e4n!<\/p>\n\n\n\n<p><strong>Tehokkuus v\u00e4hent\u00e4\u00e4 virheit\u00e4 ja lis\u00e4\u00e4 laskutettavaa ty\u00f6t\u00e4. Eli lis\u00e4\u00e4 myynti\u00e4!<\/strong><\/p>\n\n\n\n<p><\/p>\n\n\n\n<div class=\"wp-block-buttons alignfull is-horizontal is-content-justification-center is-layout-flex wp-container-core-buttons-is-layout-03627597 wp-block-buttons-is-layout-flex\">\n<div class=\"wp-block-button has-custom-width wp-block-button__width-100 is-style-fill\"><a class=\"wp-block-button__link has-white-color has-luminous-vivid-orange-background-color has-text-color has-background wp-element-button\" href=\"#ota-yhteytta\"><strong>Ota yhteytt\u00e4!<\/strong><\/a><\/div>\n<\/div>\n<\/div>\n\n\n\n<div class=\"wp-block-column has-background-color has-foreground-background-color has-text-color has-background has-link-color wp-elements-39666f704e4556c313deabb255cf37d1 is-layout-flow wp-block-column-is-layout-flow\" style=\"padding-top:2em;padding-right:2em;padding-bottom:2em;padding-left:2em\">\n<h2 class=\"wp-block-heading\" id=\"patron\" style=\"font-size:25px\"><strong><strong>Projektien seuranta ja ennakoiminen vaikeaa<\/strong><\/strong><\/h2>\n\n\n\n<p style=\"font-size:18px\">Hankaluuksia pysy\u00e4 perill\u00e4 maansiirtoprojektien etenemisest\u00e4 ja ennakoida tulevaa? Urakointi+ j\u00e4rjestelm\u00e4st\u00e4 n\u00e4et kaikki projektin tiedot yhdell\u00e4 silm\u00e4yksell\u00e4. Ennakoiminen on helppoa, kun tulevat projektit ovat n\u00e4ht\u00e4vill\u00e4 pitk\u00e4lle tulevaisuuteen!<\/p>\n\n\n\n<p><strong>Ennakointi parantaa projektikannattavuutta ja kassavirtaa.<\/strong><\/p>\n\n\n\n<div class=\"wp-block-buttons alignfull is-horizontal is-content-justification-center is-layout-flex wp-container-core-buttons-is-layout-03627597 wp-block-buttons-is-layout-flex\"><\/div>\n<\/div>\n<\/div>\n\n\n\n<div style=\"height:69px\" aria-hidden=\"true\" class=\"wp-block-spacer\"><\/div>\n\n\n\n<div class=\"wp-block-columns alignwide is-layout-flex wp-container-core-columns-is-layout-28f84493 wp-block-columns-is-layout-flex\">\n<div class=\"wp-block-column is-vertically-aligned-center is-layout-flow wp-block-column-is-layout-flow\">\n<figure class=\"wp-block-image size-full\"><img loading=\"lazy\" decoding=\"async\" width=\"1300\" height=\"867\" src=\"https:\/\/www.urakointiplus.fi\/wp-content\/uploads\/2025\/03\/etusivun_kuva.jpg\" alt=\"\" class=\"wp-image-1199\" srcset=\"https:\/\/www.urakointiplus.fi\/wp-content\/uploads\/2025\/03\/etusivun_kuva.jpg 1300w, https:\/\/www.urakointiplus.fi\/wp-content\/uploads\/2025\/03\/etusivun_kuva-300x200.jpg 300w, https:\/\/www.urakointiplus.fi\/wp-content\/uploads\/2025\/03\/etusivun_kuva-1024x683.jpg 1024w, https:\/\/www.urakointiplus.fi\/wp-content\/uploads\/2025\/03\/etusivun_kuva-768x512.jpg 768w, https:\/\/www.urakointiplus.fi\/wp-content\/uploads\/2025\/03\/etusivun_kuva-1080x720.jpg 1080w\" sizes=\"(max-width: 1300px) 100vw, 1300px\" \/><\/figure>\n<\/div>\n\n\n\n<div class=\"wp-block-column is-layout-flow wp-block-column-is-layout-flow\">\n<h2 class=\"wp-block-heading has-x-large-font-size\" id=\"tyokirjaukset-kentalta\">Isoniitun Kone Oy<\/h2>\n\n\n\n<p>Isoniitun Kone Oy:n toiveena oli l\u00f6yt\u00e4\u00e4 toiminnanohjausj\u00e4rjestelm\u00e4, joka mukautuu maanrakennusalan vaihtelevaan arkeen. Lue, miten Urakointi+ helpotti t\u00f6iden kirjaamista ja v\u00e4hensi j\u00e4lkilaskentaan kuluvaa aikaa.<\/p>\n\n\n\n<div class=\"wp-block-buttons is-layout-flex wp-block-buttons-is-layout-flex\">\n<div class=\"wp-block-button\"><a class=\"wp-block-button__link has-luminous-vivid-orange-background-color has-background wp-element-button\" href=\"https:\/\/www.urakointiplus.fi\/index.php\/maanrakennusalalle-sopiva-jarjestelma-pitaa-langat-kasissa-asiakaskertomus-isoniitun-kone-oy\/\"><strong>Isoniitun Kone Oy:n menestystarina<\/strong><\/a><\/div>\n<\/div>\n<\/div>\n<\/div>\n\n\n\n<div style=\"height:51px\" aria-hidden=\"true\" class=\"wp-block-spacer\"><\/div>\n\n\n\n<div class=\"wp-block-columns alignwide is-layout-flex wp-container-core-columns-is-layout-28f84493 wp-block-columns-is-layout-flex\">\n<div class=\"wp-block-column has-foreground-color has-background-background-color has-text-color has-background has-link-color wp-elements-6f4537cb6d63f905e5599cea2b703bb3 is-layout-flow wp-block-column-is-layout-flow\" style=\"padding-top:2em;padding-right:2em;padding-bottom:2em;padding-left:2em\">\n<p class=\"has-text-align-center\" style=\"font-size:18px;line-height:1.6\"><em>\u201cUrakointi+ tarjosi juuri sellaista r\u00e4\u00e4t\u00e4l\u00f6it\u00e4vyytt\u00e4 ja joustavuutta, mit\u00e4 halusimme\u201d<\/em><\/p>\n\n\n\n<h2 class=\"wp-block-heading has-text-align-center\" id=\"single\" style=\"font-size:25px\">Miikka Riitamo, <strong>Isoniitun Kone Oy<\/strong><\/h2>\n\n\n\n<p><\/p>\n\n\n\n<div class=\"wp-block-buttons alignfull is-horizontal is-content-justification-center is-layout-flex wp-container-core-buttons-is-layout-03627597 wp-block-buttons-is-layout-flex\"><\/div>\n<\/div>\n\n\n\n<div class=\"wp-block-column has-foreground-color has-background-background-color has-text-color has-background has-link-color wp-elements-f1e3070715cbab0962da3af6253d32ee is-layout-flow wp-block-column-is-layout-flow\" style=\"padding-top:2em;padding-right:2em;padding-bottom:2em;padding-left:2em\">\n<p class=\"has-text-align-center\" style=\"font-size:18px;line-height:1.6\"><em>\u201cYhteiset palaverit ja kehitysty\u00f6 ovat tuottaneet hyv\u00e4n lopputuloksen\u201d<\/em><\/p>\n\n\n\n<h2 class=\"wp-block-heading has-text-align-center\" id=\"family\" style=\"font-size:25px\">Miikka Riitamo, <strong>Isoniitun Kone Oy<\/strong><\/h2>\n<\/div>\n\n\n\n<div class=\"wp-block-column has-foreground-color has-background-background-color has-text-color has-background has-link-color wp-elements-3fe469bb515e0eb094b042d4be17e6ab is-layout-flow wp-block-column-is-layout-flow\" style=\"padding-top:2em;padding-right:2em;padding-bottom:2em;padding-left:2em\">\n<p class=\"has-text-align-center\"><em>\u201cApua on aina saanut. Koskaan ei ole tullut sellaista oloa, ett\u00e4 meit\u00e4 ei kuunneltaisi\u201d<\/em><\/p>\n\n\n\n<h2 class=\"wp-block-heading has-text-align-center\" id=\"patron\" style=\"font-size:25px\">Miikka Riitamo, <strong>Isoniitun Kone Oy<\/strong><\/h2>\n\n\n\n<div class=\"wp-block-buttons alignfull is-horizontal is-content-justification-center is-layout-flex wp-container-core-buttons-is-layout-03627597 wp-block-buttons-is-layout-flex\"><\/div>\n<\/div>\n<\/div>\n\n\n\n<div style=\"height:51px\" aria-hidden=\"true\" class=\"wp-block-spacer\"><\/div>\n\n\n\n<h2 class=\"wp-block-heading has-text-align-center has-x-large-font-size\" id=\"tyokirjaukset-kentalta\">Alat olla l\u00e4hell\u00e4 huoletonta kokonaisuuden hallintaa.<\/h2>\n\n\n\n<p class=\"has-text-align-center\" id=\"ota-yhteytta\" style=\"font-size:0.9rem\">J\u00e4t\u00e4 meille yhteystietosi, niin keskustellaan, miten tehostaisimme remontointiyrityksesi toimintaa.<\/p>\n\n\n\n<div class=\"wp-block-contact-form-7-contact-form-selector\">\n<div class=\"wpcf7 no-js\" id=\"wpcf7-f987-o1\" lang=\"fi\" dir=\"ltr\" data-wpcf7-id=\"987\">\n<div class=\"screen-reader-response\"><p role=\"status\" aria-live=\"polite\" aria-atomic=\"true\"><\/p> <ul><\/ul><\/div>\n<form action=\"\/index.php\/wp-json\/wp\/v2\/pages\/634#wpcf7-f987-o1\" method=\"post\" class=\"wpcf7-form init\" aria-label=\"Yhteydenottolomake\" novalidate=\"novalidate\" data-status=\"init\">\n<fieldset class=\"hidden-fields-container\"><input type=\"hidden\" name=\"_wpcf7\" value=\"987\" \/><input type=\"hidden\" name=\"_wpcf7_version\" value=\"6.1.5\" \/><input type=\"hidden\" name=\"_wpcf7_locale\" value=\"fi\" \/><input type=\"hidden\" name=\"_wpcf7_unit_tag\" value=\"wpcf7-f987-o1\" \/><input type=\"hidden\" name=\"_wpcf7_container_post\" value=\"0\" \/><input type=\"hidden\" name=\"_wpcf7_posted_data_hash\" value=\"\" \/><input type=\"hidden\" name=\"_wpcf7_recaptcha_response\" value=\"\" \/>\n<\/fieldset>\n<div class=\"cf7-clearfix\">\n\t<div class=\"cf7-form-row\">\n\t\t<p><label>Nimi<br \/>\n<span class=\"wpcf7-form-control-wrap\" data-name=\"your-name\"><input size=\"40\" maxlength=\"400\" class=\"wpcf7-form-control wpcf7-text wpcf7-validates-as-required\" id=\"cf7-input\" aria-required=\"true\" aria-invalid=\"false\" value=\"\" type=\"text\" name=\"your-name\" \/><\/span> <\/label>\n\t\t<\/p>\n\t<\/div>\n\t<div class=\"cf7-form-row\">\n\t\t<div class=\"cf7-column-half\">\n\t\t\t<p><label> S\u00e4hk\u00f6posti<br \/>\n<span class=\"wpcf7-form-control-wrap\" data-name=\"your-email\"><input size=\"40\" maxlength=\"400\" class=\"wpcf7-form-control wpcf7-email wpcf7-validates-as-required wpcf7-text wpcf7-validates-as-email\" aria-required=\"true\" aria-invalid=\"false\" value=\"\" type=\"email\" name=\"your-email\" \/><\/span> <\/label>\n\t\t\t<\/p>\n\t\t<\/div>\n\t\t<div class=\"cf7-column-half\">\n\t\t\t<p><label> Puhelin<br \/>\n<span class=\"wpcf7-form-control-wrap\" data-name=\"your-phone\"><input size=\"40\" maxlength=\"400\" class=\"wpcf7-form-control wpcf7-text\" aria-invalid=\"false\" value=\"\" type=\"text\" name=\"your-phone\" \/><\/span> <\/label>\n\t\t\t<\/p>\n\t\t<\/div>\n\t<\/div>\n\t<div class=\"cf7-form-row\">\n\t\t<div class=\"cf7-column-full\">\n\t\t\t<p><label> Viesti<br \/>\n<span class=\"wpcf7-form-control-wrap\" data-name=\"your-message\"><textarea cols=\"40\" rows=\"10\" maxlength=\"2000\" class=\"wpcf7-form-control wpcf7-textarea\" aria-invalid=\"false\" name=\"your-message\"><\/textarea><\/span> <\/label>\n\t\t\t<\/p>\n\t\t<\/div>\n\t<\/div>\n\t<div class=\"cf7-form-row\">\n\t\t<p><input class=\"wpcf7-form-control wpcf7-submit has-spinner\" type=\"submit\" value=\"L\u00e4het\u00e4\" \/>\n\t\t<\/p>\n\t<\/div>\n<\/div><div class=\"wpcf7-response-output\" aria-hidden=\"true\"><\/div>\n<\/form>\n<\/div>\n<\/div>\n\n\n\n<div class=\"wp-block-columns is-layout-flex wp-container-core-columns-is-layout-28f84493 wp-block-columns-is-layout-flex\"><\/div>\n","protected":false},"excerpt":{"rendered":"<p>Mik\u00e4 erottaa menestyv\u00e4t maansiirtoyritykset muista? Palvelusi on erinomainen. Keikkaa pukkaa, ja ty\u00f6tunnit paukkuvat. Mutta jokin m\u00e4tt\u00e4\u00e4. Ty\u00f6kirjausten tekeminen ja j\u00e4lkilaskenta on ty\u00f6l\u00e4st\u00e4 ja hankalaa. Toimistot\u00f6ihin kuluva aika venytt\u00e4\u00e4 jo valmiiksi t\u00e4ysi\u00e4 ty\u00f6p\u00e4ivi\u00e4. Urakointi+ auttaa sinua hallitsemaan kokonaisuutta: Ty\u00f6kirjaukset syntyv\u00e4t vaivattomasti, kun ty\u00f6maan alle saa ty\u00f6tuntien lis\u00e4ksi kirjattua helposti eri ty\u00f6lajeja yhdell\u00e4 ty\u00f6kirjauksella. Integraatio taloushallintoj\u00e4rjestelm\u00e4n kanssa [&hellip;]<\/p>\n","protected":false},"author":1,"featured_media":0,"parent":0,"menu_order":0,"comment_status":"closed","ping_status":"closed","template":"wp-custom-template-remonttisivu","meta":{"_et_pb_use_builder":"","_et_pb_old_content":"","_et_gb_content_width":"","footnotes":""},"class_list":["post-634","page","type-page","status-publish","hentry"],"_links":{"self":[{"href":"https:\/\/www.urakointiplus.fi\/index.php\/wp-json\/wp\/v2\/pages\/634","targetHints":{"allow":["GET"]}}],"collection":[{"href":"https:\/\/www.urakointiplus.fi\/index.php\/wp-json\/wp\/v2\/pages"}],"about":[{"href":"https:\/\/www.urakointiplus.fi\/index.php\/wp-json\/wp\/v2\/types\/page"}],"author":[{"embeddable":true,"href":"https:\/\/www.urakointiplus.fi\/index.php\/wp-json\/wp\/v2\/users\/1"}],"replies":[{"embeddable":true,"href":"https:\/\/www.urakointiplus.fi\/index.php\/wp-json\/wp\/v2\/comments?post=634"}],"version-history":[{"count":15,"href":"https:\/\/www.urakointiplus.fi\/index.php\/wp-json\/wp\/v2\/pages\/634\/revisions"}],"predecessor-version":[{"id":1203,"href":"https:\/\/www.urakointiplus.fi\/index.php\/wp-json\/wp\/v2\/pages\/634\/revisions\/1203"}],"wp:attachment":[{"href":"https:\/\/www.urakointiplus.fi\/index.php\/wp-json\/wp\/v2\/media?parent=634"}],"curies":[{"name":"wp","href":"https:\/\/api.w.org\/{rel}","templated":true}]}}