{"id":805,"date":"2023-03-22T15:07:40","date_gmt":"2023-03-22T13:07:40","guid":{"rendered":"https:\/\/www.urakointiplus.fi\/?page_id=805"},"modified":"2025-03-31T14:06:13","modified_gmt":"2025-03-31T12:06:13","slug":"menestystarinat","status":"publish","type":"page","link":"https:\/\/www.urakointiplus.fi\/index.php\/menestystarinat\/","title":{"rendered":"Menestystarinat"},"content":{"rendered":"\n<h2 class=\"wp-block-heading alignwide\" id=\"menestystarinat\">Menestystarinat<\/h2>\n\n\n\n<div class=\"wp-block-columns alignwide is-layout-flex wp-container-core-columns-is-layout-28f84493 wp-block-columns-is-layout-flex\">\n<div class=\"wp-block-column is-layout-flow wp-block-column-is-layout-flow\" style=\"flex-basis:100%\">\n<div class=\"wp-block-columns is-layout-flex wp-container-core-columns-is-layout-28f84493 wp-block-columns-is-layout-flex\">\n<div class=\"wp-block-column is-layout-flow wp-block-column-is-layout-flow\" style=\"flex-basis:100%\">\n<div class=\"wp-block-columns is-layout-flex wp-container-core-columns-is-layout-28f84493 wp-block-columns-is-layout-flex\">\n<div class=\"wp-block-column is-layout-flow wp-block-column-is-layout-flow\" style=\"flex-basis:100%\">\n<div class=\"wp-block-columns is-layout-flex wp-container-core-columns-is-layout-28f84493 wp-block-columns-is-layout-flex\">\n<div class=\"wp-block-column is-vertically-aligned-center is-layout-flow wp-block-column-is-layout-flow\" style=\"flex-basis:100%\">\n<figure class=\"wp-block-image aligncenter size-full is-resized\"><img loading=\"lazy\" decoding=\"async\" width=\"1920\" height=\"1280\" src=\"https:\/\/www.urakointiplus.fi\/wp-content\/uploads\/2024\/09\/Isoniittu_kaivinkone_urakointiplus.png\" alt=\"\" class=\"wp-image-1143\" style=\"width:372px;height:auto\" srcset=\"https:\/\/www.urakointiplus.fi\/wp-content\/uploads\/2024\/09\/Isoniittu_kaivinkone_urakointiplus.png 1920w, https:\/\/www.urakointiplus.fi\/wp-content\/uploads\/2024\/09\/Isoniittu_kaivinkone_urakointiplus-300x200.png 300w, https:\/\/www.urakointiplus.fi\/wp-content\/uploads\/2024\/09\/Isoniittu_kaivinkone_urakointiplus-1024x683.png 1024w, https:\/\/www.urakointiplus.fi\/wp-content\/uploads\/2024\/09\/Isoniittu_kaivinkone_urakointiplus-768x512.png 768w, https:\/\/www.urakointiplus.fi\/wp-content\/uploads\/2024\/09\/Isoniittu_kaivinkone_urakointiplus-1536x1024.png 1536w, https:\/\/www.urakointiplus.fi\/wp-content\/uploads\/2024\/09\/Isoniittu_kaivinkone_urakointiplus-1080x720.png 1080w\" sizes=\"(max-width: 1920px) 100vw, 1920px\" \/><figcaption class=\"wp-element-caption\">Kuva: Isoniitun Kone Oy<\/figcaption><\/figure>\n<\/div>\n\n\n\n<div class=\"wp-block-column is-layout-flow wp-block-column-is-layout-flow\" style=\"flex-basis:100%\">\n<blockquote class=\"wp-block-quote is-layout-flow wp-block-quote-is-layout-flow\">\n<p><strong>Isoniitun Kone Oy<\/strong><\/p>\n\n\n\n<p class=\"has-text-align-left\">Isoniitun Kone Oy:n toiveena oli l\u00f6yt\u00e4\u00e4 toiminnanohjausj\u00e4rjestelm\u00e4, joka mukautuu maanrakennusalan vaihtelevaan arkeen. Urakointiplussaan siirtyminen on helpottanut t\u00f6iden kirjaamista ja v\u00e4hent\u00e4nyt j\u00e4lkilaskentaan kuluvaa aikaa.<\/p>\n<\/blockquote>\n\n\n\n<div class=\"wp-block-buttons is-content-justification-left is-layout-flex wp-container-core-buttons-is-layout-fc4fd283 wp-block-buttons-is-layout-flex\">\n<div class=\"wp-block-button has-custom-font-size is-style-fill has-small-font-size\"><a class=\"wp-block-button__link has-background-color has-luminous-vivid-orange-background-color has-text-color has-background wp-element-button\" href=\"https:\/\/www.urakointiplus.fi\/index.php\/maanrakennusalalle-sopiva-jarjestelma-pitaa-langat-kasissa-asiakaskertomus-isoniitun-kone-oy\/\" style=\"border-radius:10px\">Lue Lis\u00e4\u00e4<\/a><\/div>\n<\/div>\n<\/div>\n<\/div>\n\n\n\n<div style=\"height:36px\" aria-hidden=\"true\" class=\"wp-block-spacer\"><\/div>\n\n\n\n<div class=\"wp-block-columns is-layout-flex wp-container-core-columns-is-layout-28f84493 wp-block-columns-is-layout-flex\">\n<div class=\"wp-block-column is-vertically-aligned-center is-layout-flow wp-block-column-is-layout-flow\" style=\"flex-basis:100%\">\n<figure class=\"wp-block-image aligncenter size-full is-resized\"><img loading=\"lazy\" decoding=\"async\" width=\"1300\" height=\"867\" src=\"https:\/\/www.urakointiplus.fi\/wp-content\/uploads\/2025\/03\/etusivun_kuva.jpg\" alt=\"\" class=\"wp-image-1199\" style=\"width:336px;height:225px\" srcset=\"https:\/\/www.urakointiplus.fi\/wp-content\/uploads\/2025\/03\/etusivun_kuva.jpg 1300w, https:\/\/www.urakointiplus.fi\/wp-content\/uploads\/2025\/03\/etusivun_kuva-300x200.jpg 300w, https:\/\/www.urakointiplus.fi\/wp-content\/uploads\/2025\/03\/etusivun_kuva-1024x683.jpg 1024w, https:\/\/www.urakointiplus.fi\/wp-content\/uploads\/2025\/03\/etusivun_kuva-768x512.jpg 768w, https:\/\/www.urakointiplus.fi\/wp-content\/uploads\/2025\/03\/etusivun_kuva-1080x720.jpg 1080w\" sizes=\"(max-width: 1300px) 100vw, 1300px\" \/><\/figure>\n<\/div>\n\n\n\n<div class=\"wp-block-column is-layout-flow wp-block-column-is-layout-flow\" style=\"flex-basis:100%\">\n<blockquote class=\"wp-block-quote is-layout-flow wp-block-quote-is-layout-flow\">\n<p><strong>Lasitusliike Kivij\u00e4rvi Oy<\/strong><\/p>\n\n\n\n<p>Lasitusliike Kivij\u00e4rvi Oy v\u00e4syi tietojen hajanaisuuteen, manuaaliseen ty\u00f6n kirjaamiseen ja kyselemisen varassa olemiseen. Lue, miten Urakointi+ paransi Lasitusliike Kivij\u00e4rvi Oy:n liiketoimintaa ja kokonaisuuden hallintaa.<\/p>\n<\/blockquote>\n\n\n\n<div class=\"wp-block-buttons is-content-justification-left is-layout-flex wp-container-core-buttons-is-layout-fc4fd283 wp-block-buttons-is-layout-flex\">\n<div class=\"wp-block-button has-custom-font-size is-style-fill has-small-font-size\"><a class=\"wp-block-button__link has-background-color has-luminous-vivid-orange-background-color has-text-color has-background wp-element-button\" href=\"https:\/\/www.urakointiplus.fi\/index.php\/yrityksen-sisaiset-prosessit-kuntoon-asiakaskertomus-lasitusliike-kivijarvi-oy\/\" style=\"border-radius:10px\">Lue Lis\u00e4\u00e4<\/a><\/div>\n<\/div>\n<\/div>\n<\/div>\n\n\n\n<div style=\"height:36px\" aria-hidden=\"true\" class=\"wp-block-spacer\"><\/div>\n\n\n\n<div class=\"wp-block-columns is-layout-flex wp-container-core-columns-is-layout-28f84493 wp-block-columns-is-layout-flex\">\n<div class=\"wp-block-column is-vertically-aligned-center is-layout-flow wp-block-column-is-layout-flow\" style=\"flex-basis:100%\"><\/div>\n\n\n\n<div class=\"wp-block-column is-layout-flow wp-block-column-is-layout-flow\" style=\"flex-basis:100%\">\n<blockquote class=\"wp-block-quote is-layout-flow wp-block-quote-is-layout-flow\">\n<p><\/p>\n<\/blockquote>\n<\/div>\n<\/div>\n\n\n\n<div class=\"wp-block-columns is-layout-flex wp-container-core-columns-is-layout-28f84493 wp-block-columns-is-layout-flex\">\n<div class=\"wp-block-column is-vertically-aligned-center is-layout-flow wp-block-column-is-layout-flow\" style=\"flex-basis:100%\">\n<figure class=\"wp-block-image aligncenter size-full is-resized\"><img loading=\"lazy\" decoding=\"async\" width=\"493\" height=\"390\" src=\"https:\/\/www2.urakointiplus.com\/wp-content\/uploads\/2022\/02\/jan-gustafsson.png\" alt=\"\" class=\"wp-image-100\" style=\"width:327px;height:259px\"\/><\/figure>\n<\/div>\n\n\n\n<div class=\"wp-block-column is-layout-flow wp-block-column-is-layout-flow\" style=\"flex-basis:100%\">\n<blockquote class=\"wp-block-quote is-layout-flow wp-block-quote-is-layout-flow\">\n<p><strong>Mestarinikkarit Oy<\/strong><\/p>\n\n\n\n<p>&#8221;Konkreettisin etu on se, ettei samaa tietoa jouduta kirjaamaan useampaan paikkaan. Hallinnossa on t\u00e4ll\u00e4 hetkell\u00e4 pari henkil\u00f6\u00e4 aiempaa v\u00e4hemm\u00e4n, vaikka henkil\u00f6st\u00f6m\u00e4\u00e4r\u00e4 on kokonaisuudessaan l\u00e4hes tuplaantunut. Lis\u00e4ksi seuranta on parempi, ja katteita saadaan seurattua reaaliaikaisesti koko ajan.&#8221;<\/p>\n<cite><strong>Jan Gustafsson<\/strong>, Mestarinikkarit oy<\/cite><\/blockquote>\n\n\n\n<div class=\"wp-block-buttons is-content-justification-left is-layout-flex wp-container-core-buttons-is-layout-fc4fd283 wp-block-buttons-is-layout-flex\">\n<div class=\"wp-block-button has-custom-font-size is-style-fill has-small-font-size\"><a class=\"wp-block-button__link has-background-color has-luminous-vivid-orange-background-color has-text-color has-background wp-element-button\" href=\"\/index.php\/nikkarit\/\" style=\"border-radius:10px\">Lue Lis\u00e4\u00e4<\/a><\/div>\n<\/div>\n<\/div>\n<\/div>\n\n\n\n<div style=\"height:36px\" aria-hidden=\"true\" class=\"wp-block-spacer\"><\/div>\n\n\n\n<div class=\"wp-block-columns is-layout-flex wp-container-core-columns-is-layout-28f84493 wp-block-columns-is-layout-flex\">\n<div class=\"wp-block-column is-vertically-aligned-center is-layout-flow wp-block-column-is-layout-flow\" style=\"flex-basis:100%\">\n<p><strong>Tampereen Bitumikate Oy<\/strong><\/p>\n\n\n\n<p>Mik\u00e4 avuksi, kun ty\u00f6maat eiv\u00e4t pysy j\u00e4rjestyksess\u00e4? Mittap\u00f6yt\u00e4kirjoja ilman allekirjoitusta, asioita muistin varassa, laskuttamattomia tonneja\u2026 Katso video ja ota selv\u00e4\u00e4, pystyik\u00f6 Urakointi+ -ohjelmisto palauttamaan j\u00e4rjestyksen Tampereen Bitumikate Oy:n ty\u00f6maille!<\/p>\n\n\n\n<div class=\"wp-block-buttons is-content-justification-left is-layout-flex wp-container-core-buttons-is-layout-fc4fd283 wp-block-buttons-is-layout-flex\"><\/div>\n<\/div>\n\n\n\n<div class=\"wp-block-column is-layout-flow wp-block-column-is-layout-flow\" style=\"flex-basis:100%\">\n<blockquote class=\"wp-block-quote is-layout-flow wp-block-quote-is-layout-flow\">\n<iframe loading=\"lazy\" width=\"560\" height=\"315\" src=\"https:\/\/www.youtube.com\/embed\/A4fvzicvD14?controls=0\" title=\"YouTube video player\" frameborder=\"0\" allow=\"accelerometer; autoplay; clipboard-write; encrypted-media; gyroscope; picture-in-picture\" allowfullscreen=\"\" class=\"yt-video\"><\/iframe>\n<\/blockquote>\n<\/div>\n<\/div>\n\n\n\n<div class=\"wp-block-columns is-layout-flex wp-container-core-columns-is-layout-28f84493 wp-block-columns-is-layout-flex\">\n<div class=\"wp-block-column is-vertically-aligned-center is-layout-flow wp-block-column-is-layout-flow\" style=\"flex-basis:100%\">\n<p><strong>Suomen Palokatkomestarit Oy<\/strong><\/p>\n\n\n\n<p>Toimistossa kulutettuja ty\u00f6tunteja ja monen eri j\u00e4rjestelm\u00e4n loukku. Katso video ja ota selv\u00e4\u00e4, miten Urakointi+ -j\u00e4rjestelm\u00e4 helpotti Suomen Palokatkomestarit Oy:n liikkuvaa ty\u00f6t\u00e4, jota tehd\u00e4\u00e4n ymp\u00e4ri Suomen. <\/p>\n\n\n\n<div class=\"wp-block-buttons is-content-justification-left is-layout-flex wp-container-core-buttons-is-layout-fc4fd283 wp-block-buttons-is-layout-flex\"><\/div>\n<\/div>\n\n\n\n<div class=\"wp-block-column is-layout-flow wp-block-column-is-layout-flow\" style=\"flex-basis:100%\">\n<blockquote class=\"wp-block-quote is-layout-flow wp-block-quote-is-layout-flow\">\n<iframe loading=\"lazy\" src=\"https:\/\/www.youtube.com\/embed\/dE9L6hvSG6g?controls=0\" title=\"YouTube video player\" allow=\"accelerometer; autoplay; clipboard-write; encrypted-media; gyroscope; picture-in-picture\" allowfullscreen=\"\" width=\"560\" height=\"315\" frameborder=\"0\" class=\"yt-video\"><\/iframe>\n<\/blockquote>\n<\/div>\n<\/div>\n<\/div>\n<\/div>\n<\/div>\n<\/div>\n<\/div>\n<\/div>\n","protected":false},"excerpt":{"rendered":"<p>Menestystarinat Isoniitun Kone Oy Isoniitun Kone Oy:n toiveena oli l\u00f6yt\u00e4\u00e4 toiminnanohjausj\u00e4rjestelm\u00e4, joka mukautuu maanrakennusalan vaihtelevaan arkeen. Urakointiplussaan siirtyminen on helpottanut t\u00f6iden kirjaamista ja v\u00e4hent\u00e4nyt j\u00e4lkilaskentaan kuluvaa aikaa. Lasitusliike Kivij\u00e4rvi Oy Lasitusliike Kivij\u00e4rvi Oy v\u00e4syi tietojen hajanaisuuteen, manuaaliseen ty\u00f6n kirjaamiseen ja kyselemisen varassa olemiseen. Lue, miten Urakointi+ paransi Lasitusliike Kivij\u00e4rvi Oy:n liiketoimintaa ja kokonaisuuden hallintaa. Mestarinikkarit [&hellip;]<\/p>\n","protected":false},"author":1,"featured_media":0,"parent":0,"menu_order":0,"comment_status":"closed","ping_status":"closed","template":"wp-custom-template-page-nav-kidea","meta":{"_et_pb_use_builder":"off","_et_pb_old_content":"<!-- wp:heading {\"align\":\"wide\"} -->\n<h2 class=\"wp-block-heading alignwide\" id=\"menestystarinat\">Menestystarinat<\/h2>\n<!-- \/wp:heading -->\n\n<!-- wp:columns {\"align\":\"wide\"} -->\n<div class=\"wp-block-columns alignwide\"><!-- wp:column {\"width\":\"100%\"} -->\n<div class=\"wp-block-column\" style=\"flex-basis:100%\"><!-- wp:columns -->\n<div class=\"wp-block-columns\"><!-- wp:column {\"width\":\"100%\"} -->\n<div class=\"wp-block-column\" style=\"flex-basis:100%\"><!-- wp:columns -->\n<div class=\"wp-block-columns\"><!-- wp:column {\"width\":\"100%\"} -->\n<div class=\"wp-block-column\" style=\"flex-basis:100%\"><!-- wp:columns -->\n<div class=\"wp-block-columns\"><!-- wp:column {\"verticalAlignment\":\"center\",\"width\":\"100%\"} -->\n<div class=\"wp-block-column is-vertically-aligned-center\" style=\"flex-basis:100%\"><!-- wp:image {\"align\":\"center\",\"id\":149,\"width\":336,\"height\":225,\"sizeSlug\":\"full\",\"linkDestination\":\"none\"} -->\n<figure class=\"wp-block-image aligncenter size-full is-resized\"><img src=\"https:\/\/www.urakointiplus.fi\/wp-content\/uploads\/2022\/02\/Menestystarina-tahtiremontit-2.jpg\" alt=\"\" class=\"wp-image-149\" width=\"336\" height=\"225\"\/><\/figure>\n<!-- \/wp:image --><\/div>\n<!-- \/wp:column -->\n\n<!-- wp:column {\"width\":\"100%\"} -->\n<div class=\"wp-block-column\" style=\"flex-basis:100%\"><!-- wp:quote -->\n<blockquote class=\"wp-block-quote\"><!-- wp:paragraph -->\n<p><strong>Lasitusliike Kivij\u00e4rvi Oy<\/strong><\/p>\n<!-- \/wp:paragraph -->\n\n<!-- wp:paragraph -->\n<p>Lasitusliike Kivij\u00e4rvi Oy v\u00e4syi tietojen hajanaisuuteen, manuaaliseen ty\u00f6n kirjaamiseen ja kyselemisen varassa olemiseen. Lue, miten Urakointi+ paransi Lasitusliike Kivij\u00e4rvi Oy:n liiketoimintaa ja kokonaisuuden hallintaa.<\/p>\n<!-- \/wp:paragraph --><\/blockquote>\n<!-- \/wp:quote -->\n\n<!-- wp:buttons {\"layout\":{\"type\":\"flex\",\"justifyContent\":\"left\"}} -->\n<div class=\"wp-block-buttons\"><!-- wp:button {\"backgroundColor\":\"luminous-vivid-orange\",\"textColor\":\"background\",\"style\":{\"border\":{\"radius\":\"10px\"}},\"className\":\"is-style-fill\",\"fontSize\":\"small\"} -->\n<div class=\"wp-block-button has-custom-font-size is-style-fill has-small-font-size\"><a class=\"wp-block-button__link has-background-color has-luminous-vivid-orange-background-color has-text-color has-background wp-element-button\" href=\"https:\/\/www.urakointiplus.fi\/index.php\/yrityksen-sisaiset-prosessit-kuntoon-asiakaskertomus-lasitusliike-kivijarvi-oy\/\" style=\"border-radius:10px\">Lue Lis\u00e4\u00e4<\/a><\/div>\n<!-- \/wp:button --><\/div>\n<!-- \/wp:buttons --><\/div>\n<!-- \/wp:column --><\/div>\n<!-- \/wp:columns -->\n\n<!-- wp:spacer {\"height\":\"36px\"} -->\n<div style=\"height:36px\" aria-hidden=\"true\" class=\"wp-block-spacer\"><\/div>\n<!-- \/wp:spacer -->\n\n<!-- wp:columns -->\n<div class=\"wp-block-columns\"><!-- wp:column {\"verticalAlignment\":\"center\",\"width\":\"100%\"} -->\n<div class=\"wp-block-column is-vertically-aligned-center\" style=\"flex-basis:100%\"><!-- wp:image {\"align\":\"center\",\"id\":341,\"width\":336,\"height\":174,\"sizeSlug\":\"full\",\"linkDestination\":\"none\"} -->\n<figure class=\"wp-block-image aligncenter size-full is-resized\"><img src=\"https:\/\/www.urakointiplus.fi\/wp-content\/uploads\/2022\/11\/Urakointiplus-planning.jpeg\" alt=\"\" class=\"wp-image-341\" width=\"336\" height=\"174\"\/><\/figure>\n<!-- \/wp:image --><\/div>\n<!-- \/wp:column -->\n\n<!-- wp:column {\"width\":\"100%\"} -->\n<div class=\"wp-block-column\" style=\"flex-basis:100%\"><!-- wp:quote -->\n<blockquote class=\"wp-block-quote\"><!-- wp:paragraph -->\n<p><strong>T\u00e4htiremontit Oy<\/strong><\/p>\n<!-- \/wp:paragraph -->\n\n<!-- wp:paragraph -->\n<p>Hankalasti hallittava kokonaisuus, monessa eri j\u00e4rjestelm\u00e4ss\u00e4 sikin sokin seisovat tiedot ja manuaalinen kirjaaminen olivat asioita, joista T\u00e4htiremontit halusi eroon Urakointi+ -ohjelmiston k\u00e4ytt\u00f6\u00f6noton my\u00f6t\u00e4. Kuinkas sitten k\u00e4vik\u00e4\u00e4n?<\/p>\n<!-- \/wp:paragraph --><\/blockquote>\n<!-- \/wp:quote -->\n\n<!-- wp:buttons {\"layout\":{\"type\":\"flex\",\"justifyContent\":\"left\"}} -->\n<div class=\"wp-block-buttons\"><!-- wp:button {\"backgroundColor\":\"luminous-vivid-orange\",\"textColor\":\"background\",\"style\":{\"border\":{\"radius\":\"10px\"}},\"className\":\"is-style-fill\",\"fontSize\":\"small\"} -->\n<div class=\"wp-block-button has-custom-font-size is-style-fill has-small-font-size\"><a class=\"wp-block-button__link has-background-color has-luminous-vivid-orange-background-color has-text-color has-background wp-element-button\" href=\"https:\/\/www.urakointiplus.fi\/index.php\/tarpeeseen-tehty-jarjestelma-parantaa-liiketoimintaa-asiakaskertomus-tahtiremontit-oy\/\" style=\"border-radius:10px\">Lue Lis\u00e4\u00e4<\/a><\/div>\n<!-- \/wp:button --><\/div>\n<!-- \/wp:buttons --><\/div>\n<!-- \/wp:column --><\/div>\n<!-- \/wp:columns -->\n\n<!-- wp:spacer {\"height\":\"36px\"} -->\n<div style=\"height:36px\" aria-hidden=\"true\" class=\"wp-block-spacer\"><\/div>\n<!-- \/wp:spacer -->\n\n<!-- wp:columns -->\n<div class=\"wp-block-columns\"><!-- wp:column {\"verticalAlignment\":\"center\",\"width\":\"100%\"} -->\n<div class=\"wp-block-column is-vertically-aligned-center\" style=\"flex-basis:100%\"><!-- wp:image {\"align\":\"center\",\"id\":100,\"width\":327,\"height\":259,\"sizeSlug\":\"full\",\"linkDestination\":\"none\"} -->\n<figure class=\"wp-block-image aligncenter size-full is-resized\"><img src=\"https:\/\/www2.urakointiplus.com\/wp-content\/uploads\/2022\/02\/jan-gustafsson.png\" alt=\"\" class=\"wp-image-100\" width=\"327\" height=\"259\"\/><\/figure>\n<!-- \/wp:image --><\/div>\n<!-- \/wp:column -->\n\n<!-- wp:column {\"width\":\"100%\"} -->\n<div class=\"wp-block-column\" style=\"flex-basis:100%\"><!-- wp:quote -->\n<blockquote class=\"wp-block-quote\"><!-- wp:paragraph -->\n<p><strong>Mestarinikkarit Oy<\/strong><\/p>\n<!-- \/wp:paragraph -->\n\n<!-- wp:paragraph -->\n<p>\"Konkreettisin etu on se, ettei samaa tietoa jouduta kirjaamaan useampaan paikkaan. Hallinnossa on t\u00e4ll\u00e4 hetkell\u00e4 pari henkil\u00f6\u00e4 aiempaa v\u00e4hemm\u00e4n, vaikka henkil\u00f6st\u00f6m\u00e4\u00e4r\u00e4 on kokonaisuudessaan l\u00e4hes tuplaantunut. Lis\u00e4ksi seuranta on parempi, ja katteita saadaan seurattua reaaliaikaisesti koko ajan.\"<\/p>\n<!-- \/wp:paragraph --><cite><strong>Jan Gustafsson<\/strong>, Mestarinikkarit oy<\/cite><\/blockquote>\n<!-- \/wp:quote -->\n\n<!-- wp:buttons {\"layout\":{\"type\":\"flex\",\"justifyContent\":\"left\"}} -->\n<div class=\"wp-block-buttons\"><!-- wp:button {\"backgroundColor\":\"luminous-vivid-orange\",\"textColor\":\"background\",\"style\":{\"border\":{\"radius\":\"10px\"}},\"className\":\"is-style-fill\",\"fontSize\":\"small\"} -->\n<div class=\"wp-block-button has-custom-font-size is-style-fill has-small-font-size\"><a class=\"wp-block-button__link has-background-color has-luminous-vivid-orange-background-color has-text-color has-background wp-element-button\" href=\"\/?page_id=190\" style=\"border-radius:10px\">Lue Lis\u00e4\u00e4<\/a><\/div>\n<!-- \/wp:button --><\/div>\n<!-- \/wp:buttons --><\/div>\n<!-- \/wp:column --><\/div>\n<!-- \/wp:columns -->\n\n<!-- wp:spacer {\"height\":\"36px\"} -->\n<div style=\"height:36px\" aria-hidden=\"true\" class=\"wp-block-spacer\"><\/div>\n<!-- \/wp:spacer -->\n\n<!-- wp:columns -->\n<div class=\"wp-block-columns\"><!-- wp:column {\"verticalAlignment\":\"center\",\"width\":\"100%\"} -->\n<div class=\"wp-block-column is-vertically-aligned-center\" style=\"flex-basis:100%\"><!-- wp:paragraph -->\n<p><strong>Tampereen Bitumikate Oy<\/strong><\/p>\n<!-- \/wp:paragraph -->\n\n<!-- wp:paragraph -->\n<p>Mik\u00e4 avuksi, kun ty\u00f6maat eiv\u00e4t pysy j\u00e4rjestyksess\u00e4? Mittap\u00f6yt\u00e4kirjoja ilman allekirjoitusta, asioita muistin varassa, laskuttamattomia tonneja\u2026 Katso video ja ota selv\u00e4\u00e4, pystyik\u00f6 Urakointi+ -ohjelmisto palauttamaan j\u00e4rjestyksen Tampereen Bitumikate Oy:n ty\u00f6maille!<\/p>\n<!-- \/wp:paragraph -->\n\n<!-- wp:buttons {\"layout\":{\"type\":\"flex\",\"justifyContent\":\"left\"}} -->\n<div class=\"wp-block-buttons\"><!-- wp:button \/--><\/div>\n<!-- \/wp:buttons --><\/div>\n<!-- \/wp:column -->\n\n<!-- wp:column {\"width\":\"100%\"} -->\n<div class=\"wp-block-column\" style=\"flex-basis:100%\"><!-- wp:quote -->\n<blockquote class=\"wp-block-quote\"><!-- wp:html -->\n<iframe width=\"560\" height=\"315\" src=\"https:\/\/www.youtube.com\/embed\/A4fvzicvD14?controls=0\" title=\"YouTube video player\" frameborder=\"0\" allow=\"accelerometer; autoplay; clipboard-write; encrypted-media; gyroscope; picture-in-picture\" allowfullscreen=\"\" class=\"yt-video\"><\/iframe>\n<!-- \/wp:html --><\/blockquote>\n<!-- \/wp:quote --><\/div>\n<!-- \/wp:column --><\/div>\n<!-- \/wp:columns -->\n\n<!-- wp:columns -->\n<div class=\"wp-block-columns\"><!-- wp:column {\"verticalAlignment\":\"center\",\"width\":\"100%\"} -->\n<div class=\"wp-block-column is-vertically-aligned-center\" style=\"flex-basis:100%\"><!-- wp:paragraph -->\n<p><strong>Suomen Palokatkomestarit Oy<\/strong><\/p>\n<!-- \/wp:paragraph -->\n\n<!-- wp:paragraph -->\n<p>Toimistossa kulutettuja ty\u00f6tunteja ja monen eri j\u00e4rjestelm\u00e4n loukku. Katso video ja ota selv\u00e4\u00e4, miten Urakointi+ -j\u00e4rjestelm\u00e4 helpotti Suomen Palokatkomestarit Oy:n liikkuvaa ty\u00f6t\u00e4, jota tehd\u00e4\u00e4n ymp\u00e4ri Suomen. <\/p>\n<!-- \/wp:paragraph -->\n\n<!-- wp:buttons {\"layout\":{\"type\":\"flex\",\"justifyContent\":\"left\"}} -->\n<div class=\"wp-block-buttons\"><!-- wp:button \/--><\/div>\n<!-- \/wp:buttons --><\/div>\n<!-- \/wp:column -->\n\n<!-- wp:column {\"width\":\"100%\"} -->\n<div class=\"wp-block-column\" style=\"flex-basis:100%\"><!-- wp:quote -->\n<blockquote class=\"wp-block-quote\"><!-- wp:html -->\n<iframe src=\"https:\/\/www.youtube.com\/embed\/dE9L6hvSG6g?controls=0\" title=\"YouTube video player\" allow=\"accelerometer; autoplay; clipboard-write; encrypted-media; gyroscope; picture-in-picture\" allowfullscreen=\"\" width=\"560\" height=\"315\" frameborder=\"0\" class=\"yt-video\"><\/iframe>\n<!-- \/wp:html --><\/blockquote>\n<!-- \/wp:quote --><\/div>\n<!-- \/wp:column --><\/div>\n<!-- \/wp:columns --><\/div>\n<!-- \/wp:column --><\/div>\n<!-- \/wp:columns --><\/div>\n<!-- \/wp:column --><\/div>\n<!-- \/wp:columns --><\/div>\n<!-- \/wp:column --><\/div>\n<!-- \/wp:columns -->","_et_gb_content_width":"","footnotes":""},"class_list":["post-805","page","type-page","status-publish","hentry"],"_links":{"self":[{"href":"https:\/\/www.urakointiplus.fi\/index.php\/wp-json\/wp\/v2\/pages\/805","targetHints":{"allow":["GET"]}}],"collection":[{"href":"https:\/\/www.urakointiplus.fi\/index.php\/wp-json\/wp\/v2\/pages"}],"about":[{"href":"https:\/\/www.urakointiplus.fi\/index.php\/wp-json\/wp\/v2\/types\/page"}],"author":[{"embeddable":true,"href":"https:\/\/www.urakointiplus.fi\/index.php\/wp-json\/wp\/v2\/users\/1"}],"replies":[{"embeddable":true,"href":"https:\/\/www.urakointiplus.fi\/index.php\/wp-json\/wp\/v2\/comments?post=805"}],"version-history":[{"count":15,"href":"https:\/\/www.urakointiplus.fi\/index.php\/wp-json\/wp\/v2\/pages\/805\/revisions"}],"predecessor-version":[{"id":1204,"href":"https:\/\/www.urakointiplus.fi\/index.php\/wp-json\/wp\/v2\/pages\/805\/revisions\/1204"}],"wp:attachment":[{"href":"https:\/\/www.urakointiplus.fi\/index.php\/wp-json\/wp\/v2\/media?parent=805"}],"curies":[{"name":"wp","href":"https:\/\/api.w.org\/{rel}","templated":true}]}}